{"id":10867,"date":"2024-06-07T15:04:12","date_gmt":"2024-06-07T13:04:12","guid":{"rendered":"https:\/\/linoexpress.com\/lt\/?post_type=product&#038;p=10867"},"modified":"2024-06-07T15:39:48","modified_gmt":"2024-06-07T13:39:48","slug":"vasarine-pushup-liemenele-be-petneseliu","status":"publish","type":"product","link":"https:\/\/linoexpress.com\/lt\/proizvod\/vasarine-pushup-liemenele-be-petneseliu\/","title":{"rendered":"Vasarin\u0117 pushup liemen\u0117l\u0117 be petne\u0161\u0117li\u0173"},"content":{"rendered":"","protected":false},"excerpt":{"rendered":"<p>Pakelkite kr\u016btis, kad atrodytum\u0117te \u012fsp\u016bdingai su gilesne i\u0161kirpte kiekvienai progai ir deriniui.\u0160i PusUp liemen\u0117l\u0117 be petne\u0161\u0117li\u0173 pasisl\u0117ps po bet kokia apranga.<\/p>\n<p>AB &#8211; tinka A\/B krep\u0161eliui<br \/>\nCD &#8211; tinka C\/D krep\u0161eliui<br \/>\nEF &#8211; tinka E\/F krep\u0161eliui<\/p>\n","protected":false},"featured_media":3927,"comment_status":"closed","ping_status":"closed","template":"","meta":{"inline_featured_image":false},"product_brand":[],"product_cat":[28,26,15],"product_tag":[],"class_list":{"0":"post-10867","1":"product","2":"type-product","3":"status-publish","4":"has-post-thumbnail","6":"product_cat-beauty","7":"product_cat-health","8":"product_cat-uncategorized","10":"first","11":"instock","12":"sale","13":"taxable","14":"shipping-taxable","15":"purchasable","16":"product-type-variable"},"acf":[],"_links":{"self":[{"href":"https:\/\/linoexpress.com\/lt\/wp-json\/wp\/v2\/product\/10867","targetHints":{"allow":["GET"]}}],"collection":[{"href":"https:\/\/linoexpress.com\/lt\/wp-json\/wp\/v2\/product"}],"about":[{"href":"https:\/\/linoexpress.com\/lt\/wp-json\/wp\/v2\/types\/product"}],"replies":[{"embeddable":true,"href":"https:\/\/linoexpress.com\/lt\/wp-json\/wp\/v2\/comments?post=10867"}],"wp:featuredmedia":[{"embeddable":true,"href":"https:\/\/linoexpress.com\/lt\/wp-json\/wp\/v2\/media\/3927"}],"wp:attachment":[{"href":"https:\/\/linoexpress.com\/lt\/wp-json\/wp\/v2\/media?parent=10867"}],"wp:term":[{"taxonomy":"product_brand","embeddable":true,"href":"https:\/\/linoexpress.com\/lt\/wp-json\/wp\/v2\/product_brand?post=10867"},{"taxonomy":"product_cat","embeddable":true,"href":"https:\/\/linoexpress.com\/lt\/wp-json\/wp\/v2\/product_cat?post=10867"},{"taxonomy":"product_tag","embeddable":true,"href":"https:\/\/linoexpress.com\/lt\/wp-json\/wp\/v2\/product_tag?post=10867"}],"curies":[{"name":"wp","href":"https:\/\/api.w.org\/{rel}","templated":true}]}}