{"id":10988,"date":"2024-09-02T13:06:48","date_gmt":"2024-09-02T11:06:48","guid":{"rendered":"https:\/\/linoexpress.com\/lt\/?post_type=product&#038;p=10988"},"modified":"2024-09-02T13:18:31","modified_gmt":"2024-09-02T11:18:31","slug":"daugiafunkcinis-treniruoklis","status":"publish","type":"product","link":"https:\/\/linoexpress.com\/lt\/proizvod\/daugiafunkcinis-treniruoklis\/","title":{"rendered":"Daugiafunkcinis treniruoklis"},"content":{"rendered":"","protected":false},"excerpt":{"rendered":"<p>Idealus prietaisas stiprinti ir \u012ftempti visus raumenis! \u012etempkite ir sustiprinkite nugar\u0105, pe\u010dius, rankas, kr\u016btin\u0119, triceps\u0105 ir skrand\u012f, \u012fskaitant klub\u0173 lenkiamuosius. Pasiekite geriausi\u0105 form\u0105 vienu \u012frenginiu!<\/p>\n","protected":false},"featured_media":10991,"comment_status":"closed","ping_status":"closed","template":"","meta":{"inline_featured_image":false},"product_brand":[],"product_cat":[28,26,15],"product_tag":[],"class_list":{"0":"post-10988","1":"product","2":"type-product","3":"status-publish","4":"has-post-thumbnail","6":"product_cat-beauty","7":"product_cat-health","8":"product_cat-uncategorized","10":"first","11":"instock","12":"sale","13":"taxable","14":"shipping-taxable","15":"purchasable","16":"product-type-simple"},"acf":[],"_links":{"self":[{"href":"https:\/\/linoexpress.com\/lt\/wp-json\/wp\/v2\/product\/10988","targetHints":{"allow":["GET"]}}],"collection":[{"href":"https:\/\/linoexpress.com\/lt\/wp-json\/wp\/v2\/product"}],"about":[{"href":"https:\/\/linoexpress.com\/lt\/wp-json\/wp\/v2\/types\/product"}],"replies":[{"embeddable":true,"href":"https:\/\/linoexpress.com\/lt\/wp-json\/wp\/v2\/comments?post=10988"}],"wp:featuredmedia":[{"embeddable":true,"href":"https:\/\/linoexpress.com\/lt\/wp-json\/wp\/v2\/media\/10991"}],"wp:attachment":[{"href":"https:\/\/linoexpress.com\/lt\/wp-json\/wp\/v2\/media?parent=10988"}],"wp:term":[{"taxonomy":"product_brand","embeddable":true,"href":"https:\/\/linoexpress.com\/lt\/wp-json\/wp\/v2\/product_brand?post=10988"},{"taxonomy":"product_cat","embeddable":true,"href":"https:\/\/linoexpress.com\/lt\/wp-json\/wp\/v2\/product_cat?post=10988"},{"taxonomy":"product_tag","embeddable":true,"href":"https:\/\/linoexpress.com\/lt\/wp-json\/wp\/v2\/product_tag?post=10988"}],"curies":[{"name":"wp","href":"https:\/\/api.w.org\/{rel}","templated":true}]}}