{"id":11101,"date":"2024-10-28T09:14:37","date_gmt":"2024-10-28T08:14:37","guid":{"rendered":"https:\/\/linoexpress.com\/lt\/?post_type=product&#038;p=11101"},"modified":"2024-11-04T09:22:12","modified_gmt":"2024-11-04T08:22:12","slug":"rinkinys-skirtas-mokytis-nerimo-ir-mezgimo","status":"publish","type":"product","link":"https:\/\/linoexpress.com\/lt\/proizvod\/rinkinys-skirtas-mokytis-nerimo-ir-mezgimo\/","title":{"rendered":"Rinkinys, skirtas mokytis n\u0117rimo ir mezgimo"},"content":{"rendered":"","protected":false},"excerpt":{"rendered":"<p>Modernizuotas mezgimo b\u016bdas prad\u017eiugins visus \u0161io pom\u0117gio myl\u0117tojus ir tuos, kurie tiesiog nori juo tapti!<\/p>\n","protected":false},"featured_media":11102,"comment_status":"closed","ping_status":"closed","template":"","meta":{"inline_featured_image":false},"product_brand":[],"product_cat":[35,15],"product_tag":[],"class_list":{"0":"post-11101","1":"product","2":"type-product","3":"status-publish","4":"has-post-thumbnail","6":"product_cat-fun","7":"product_cat-uncategorized","9":"first","10":"instock","11":"sale","12":"taxable","13":"shipping-taxable","14":"purchasable","15":"product-type-simple"},"acf":[],"_links":{"self":[{"href":"https:\/\/linoexpress.com\/lt\/wp-json\/wp\/v2\/product\/11101","targetHints":{"allow":["GET"]}}],"collection":[{"href":"https:\/\/linoexpress.com\/lt\/wp-json\/wp\/v2\/product"}],"about":[{"href":"https:\/\/linoexpress.com\/lt\/wp-json\/wp\/v2\/types\/product"}],"replies":[{"embeddable":true,"href":"https:\/\/linoexpress.com\/lt\/wp-json\/wp\/v2\/comments?post=11101"}],"wp:featuredmedia":[{"embeddable":true,"href":"https:\/\/linoexpress.com\/lt\/wp-json\/wp\/v2\/media\/11102"}],"wp:attachment":[{"href":"https:\/\/linoexpress.com\/lt\/wp-json\/wp\/v2\/media?parent=11101"}],"wp:term":[{"taxonomy":"product_brand","embeddable":true,"href":"https:\/\/linoexpress.com\/lt\/wp-json\/wp\/v2\/product_brand?post=11101"},{"taxonomy":"product_cat","embeddable":true,"href":"https:\/\/linoexpress.com\/lt\/wp-json\/wp\/v2\/product_cat?post=11101"},{"taxonomy":"product_tag","embeddable":true,"href":"https:\/\/linoexpress.com\/lt\/wp-json\/wp\/v2\/product_tag?post=11101"}],"curies":[{"name":"wp","href":"https:\/\/api.w.org\/{rel}","templated":true}]}}