{"id":11113,"date":"2024-10-28T11:51:00","date_gmt":"2024-10-28T10:51:00","guid":{"rendered":"https:\/\/linoexpress.com\/lt\/?post_type=product&#038;p=11113"},"modified":"2025-09-18T10:25:39","modified_gmt":"2025-09-18T08:25:39","slug":"atpalaiduojancios-mini-knygu-lentyno","status":"publish","type":"product","link":"https:\/\/linoexpress.com\/lt\/proizvod\/atpalaiduojancios-mini-knygu-lentyno\/","title":{"rendered":"Atpalaiduojan\u010dios mini knyg\u0173 lentyno"},"content":{"rendered":"","protected":false},"excerpt":{"rendered":"<p>Atsikratykite nerimo ir \u012ftampos naudodami \u0161i\u0105 atpalaiduojan\u010di\u0105 ma\u017e\u0105 knyg\u0173 lentyn\u0105. Sutvarkyk knygas ir rask savo ramyb\u0119!<\/p>\n","protected":false},"featured_media":11117,"comment_status":"closed","ping_status":"closed","template":"","meta":{"inline_featured_image":false},"product_brand":[],"product_cat":[35,27,15],"product_tag":[],"class_list":{"0":"post-11113","1":"product","2":"type-product","3":"status-publish","4":"has-post-thumbnail","6":"product_cat-fun","7":"product_cat-home","8":"product_cat-uncategorized","10":"first","11":"instock","12":"sale","13":"taxable","14":"shipping-taxable","15":"purchasable","16":"product-type-simple"},"acf":[],"_links":{"self":[{"href":"https:\/\/linoexpress.com\/lt\/wp-json\/wp\/v2\/product\/11113","targetHints":{"allow":["GET"]}}],"collection":[{"href":"https:\/\/linoexpress.com\/lt\/wp-json\/wp\/v2\/product"}],"about":[{"href":"https:\/\/linoexpress.com\/lt\/wp-json\/wp\/v2\/types\/product"}],"replies":[{"embeddable":true,"href":"https:\/\/linoexpress.com\/lt\/wp-json\/wp\/v2\/comments?post=11113"}],"wp:featuredmedia":[{"embeddable":true,"href":"https:\/\/linoexpress.com\/lt\/wp-json\/wp\/v2\/media\/11117"}],"wp:attachment":[{"href":"https:\/\/linoexpress.com\/lt\/wp-json\/wp\/v2\/media?parent=11113"}],"wp:term":[{"taxonomy":"product_brand","embeddable":true,"href":"https:\/\/linoexpress.com\/lt\/wp-json\/wp\/v2\/product_brand?post=11113"},{"taxonomy":"product_cat","embeddable":true,"href":"https:\/\/linoexpress.com\/lt\/wp-json\/wp\/v2\/product_cat?post=11113"},{"taxonomy":"product_tag","embeddable":true,"href":"https:\/\/linoexpress.com\/lt\/wp-json\/wp\/v2\/product_tag?post=11113"}],"curies":[{"name":"wp","href":"https:\/\/api.w.org\/{rel}","templated":true}]}}