{"id":11121,"date":"2024-10-30T12:57:17","date_gmt":"2024-10-30T11:57:17","guid":{"rendered":"https:\/\/linoexpress.com\/lt\/?post_type=product&#038;p=11121"},"modified":"2025-01-20T11:49:16","modified_gmt":"2025-01-20T10:49:16","slug":"2-viename-sluoste-valymui","status":"publish","type":"product","link":"https:\/\/linoexpress.com\/lt\/proizvod\/2-viename-sluoste-valymui\/","title":{"rendered":"2 viename \u0160luost\u0117 valymui"},"content":{"rendered":"","protected":false},"excerpt":{"rendered":"<p>\u0160i auk\u0161tos kokyb\u0117s \u0161luota i\u0161valo labai efektyviai ir greitai. Idealiai tinka sausam ir \u0161lapiam valymui!<\/p>\n","protected":false},"featured_media":11123,"comment_status":"closed","ping_status":"closed","template":"","meta":{"inline_featured_image":false},"product_brand":[],"product_cat":[27,15],"product_tag":[],"class_list":{"0":"post-11121","1":"product","2":"type-product","3":"status-publish","4":"has-post-thumbnail","6":"product_cat-home","7":"product_cat-uncategorized","9":"first","10":"instock","11":"sale","12":"taxable","13":"shipping-taxable","14":"purchasable","15":"product-type-simple"},"acf":[],"_links":{"self":[{"href":"https:\/\/linoexpress.com\/lt\/wp-json\/wp\/v2\/product\/11121","targetHints":{"allow":["GET"]}}],"collection":[{"href":"https:\/\/linoexpress.com\/lt\/wp-json\/wp\/v2\/product"}],"about":[{"href":"https:\/\/linoexpress.com\/lt\/wp-json\/wp\/v2\/types\/product"}],"replies":[{"embeddable":true,"href":"https:\/\/linoexpress.com\/lt\/wp-json\/wp\/v2\/comments?post=11121"}],"wp:featuredmedia":[{"embeddable":true,"href":"https:\/\/linoexpress.com\/lt\/wp-json\/wp\/v2\/media\/11123"}],"wp:attachment":[{"href":"https:\/\/linoexpress.com\/lt\/wp-json\/wp\/v2\/media?parent=11121"}],"wp:term":[{"taxonomy":"product_brand","embeddable":true,"href":"https:\/\/linoexpress.com\/lt\/wp-json\/wp\/v2\/product_brand?post=11121"},{"taxonomy":"product_cat","embeddable":true,"href":"https:\/\/linoexpress.com\/lt\/wp-json\/wp\/v2\/product_cat?post=11121"},{"taxonomy":"product_tag","embeddable":true,"href":"https:\/\/linoexpress.com\/lt\/wp-json\/wp\/v2\/product_tag?post=11121"}],"curies":[{"name":"wp","href":"https:\/\/api.w.org\/{rel}","templated":true}]}}