{"id":11130,"date":"2024-10-30T15:44:54","date_gmt":"2024-10-30T14:44:54","guid":{"rendered":"https:\/\/linoexpress.com\/lt\/?post_type=product&#038;p=11130"},"modified":"2024-11-15T14:19:59","modified_gmt":"2024-11-15T13:19:59","slug":"kaledu-traukinio-muzikos-dezute","status":"publish","type":"product","link":"https:\/\/linoexpress.com\/lt\/proizvod\/kaledu-traukinio-muzikos-dezute\/","title":{"rendered":"Kal\u0117d\u0173 traukinio muzikos d\u0117\u017eut\u0117"},"content":{"rendered":"","protected":false},"excerpt":{"rendered":"<p>Traukinio retro dizainas su gra\u017eiais kal\u0117diniais motyvais ir \u0161ventine muzika yra ideali puo\u0161mena bet kurioje erdv\u0117je!<\/p>\n","protected":false},"featured_media":11131,"comment_status":"closed","ping_status":"closed","template":"","meta":{"inline_featured_image":false},"product_brand":[],"product_cat":[35,15],"product_tag":[],"class_list":{"0":"post-11130","1":"product","2":"type-product","3":"status-publish","4":"has-post-thumbnail","6":"product_cat-fun","7":"product_cat-uncategorized","9":"first","10":"instock","11":"sale","12":"taxable","13":"shipping-taxable","14":"purchasable","15":"product-type-simple"},"acf":[],"_links":{"self":[{"href":"https:\/\/linoexpress.com\/lt\/wp-json\/wp\/v2\/product\/11130","targetHints":{"allow":["GET"]}}],"collection":[{"href":"https:\/\/linoexpress.com\/lt\/wp-json\/wp\/v2\/product"}],"about":[{"href":"https:\/\/linoexpress.com\/lt\/wp-json\/wp\/v2\/types\/product"}],"replies":[{"embeddable":true,"href":"https:\/\/linoexpress.com\/lt\/wp-json\/wp\/v2\/comments?post=11130"}],"wp:featuredmedia":[{"embeddable":true,"href":"https:\/\/linoexpress.com\/lt\/wp-json\/wp\/v2\/media\/11131"}],"wp:attachment":[{"href":"https:\/\/linoexpress.com\/lt\/wp-json\/wp\/v2\/media?parent=11130"}],"wp:term":[{"taxonomy":"product_brand","embeddable":true,"href":"https:\/\/linoexpress.com\/lt\/wp-json\/wp\/v2\/product_brand?post=11130"},{"taxonomy":"product_cat","embeddable":true,"href":"https:\/\/linoexpress.com\/lt\/wp-json\/wp\/v2\/product_cat?post=11130"},{"taxonomy":"product_tag","embeddable":true,"href":"https:\/\/linoexpress.com\/lt\/wp-json\/wp\/v2\/product_tag?post=11130"}],"curies":[{"name":"wp","href":"https:\/\/api.w.org\/{rel}","templated":true}]}}