{"id":11142,"date":"2024-10-31T10:41:25","date_gmt":"2024-10-31T09:41:25","guid":{"rendered":"https:\/\/linoexpress.com\/lt\/?post_type=product&#038;p=11142"},"modified":"2024-11-15T14:31:38","modified_gmt":"2024-11-15T13:31:38","slug":"ugnies-stebuklinga-lazdele","status":"publish","type":"product","link":"https:\/\/linoexpress.com\/lt\/proizvod\/ugnies-stebuklinga-lazdele\/","title":{"rendered":"Ugnies stebuklinga lazdel\u0117"},"content":{"rendered":"","protected":false},"excerpt":{"rendered":"<p>Prad\u017eiuginkite savo artimuosius \u0161ia fantasti\u0161ka burt\u0173 lazdele! Paslaptingos linksmyb\u0117s garantuotos!<\/p>\n","protected":false},"featured_media":11143,"comment_status":"closed","ping_status":"closed","template":"","meta":{"inline_featured_image":false},"product_brand":[],"product_cat":[35,15],"product_tag":[],"class_list":{"0":"post-11142","1":"product","2":"type-product","3":"status-publish","4":"has-post-thumbnail","6":"product_cat-fun","7":"product_cat-uncategorized","9":"first","10":"instock","11":"sale","12":"taxable","13":"shipping-taxable","14":"purchasable","15":"product-type-simple"},"acf":[],"_links":{"self":[{"href":"https:\/\/linoexpress.com\/lt\/wp-json\/wp\/v2\/product\/11142","targetHints":{"allow":["GET"]}}],"collection":[{"href":"https:\/\/linoexpress.com\/lt\/wp-json\/wp\/v2\/product"}],"about":[{"href":"https:\/\/linoexpress.com\/lt\/wp-json\/wp\/v2\/types\/product"}],"replies":[{"embeddable":true,"href":"https:\/\/linoexpress.com\/lt\/wp-json\/wp\/v2\/comments?post=11142"}],"wp:featuredmedia":[{"embeddable":true,"href":"https:\/\/linoexpress.com\/lt\/wp-json\/wp\/v2\/media\/11143"}],"wp:attachment":[{"href":"https:\/\/linoexpress.com\/lt\/wp-json\/wp\/v2\/media?parent=11142"}],"wp:term":[{"taxonomy":"product_brand","embeddable":true,"href":"https:\/\/linoexpress.com\/lt\/wp-json\/wp\/v2\/product_brand?post=11142"},{"taxonomy":"product_cat","embeddable":true,"href":"https:\/\/linoexpress.com\/lt\/wp-json\/wp\/v2\/product_cat?post=11142"},{"taxonomy":"product_tag","embeddable":true,"href":"https:\/\/linoexpress.com\/lt\/wp-json\/wp\/v2\/product_tag?post=11142"}],"curies":[{"name":"wp","href":"https:\/\/api.w.org\/{rel}","templated":true}]}}