{"id":11149,"date":"2024-10-31T14:26:54","date_gmt":"2024-10-31T13:26:54","guid":{"rendered":"https:\/\/linoexpress.com\/lt\/?post_type=product&#038;p=11149"},"modified":"2025-10-14T12:28:05","modified_gmt":"2025-10-14T10:28:05","slug":"refleksinis-musamas-kamuolys","status":"publish","type":"product","link":"https:\/\/linoexpress.com\/lt\/proizvod\/refleksinis-musamas-kamuolys\/","title":{"rendered":"Refleksinis mu\u0161amas kamuolys"},"content":{"rendered":"","protected":false},"excerpt":{"rendered":"<p>Pagerinkite savo treniruotes ir pakelkite motyvacij\u0105 \u012f kit\u0105 lyg\u012f. Geriausias kamuolys refleksams gerinti!<\/p>\n","protected":false},"featured_media":11854,"comment_status":"closed","ping_status":"closed","template":"","meta":{"inline_featured_image":false},"product_brand":[],"product_cat":[35,15],"product_tag":[],"class_list":{"0":"post-11149","1":"product","2":"type-product","3":"status-publish","4":"has-post-thumbnail","6":"product_cat-fun","7":"product_cat-uncategorized","9":"first","10":"instock","11":"sale","12":"taxable","13":"shipping-taxable","14":"purchasable","15":"product-type-simple"},"acf":[],"_links":{"self":[{"href":"https:\/\/linoexpress.com\/lt\/wp-json\/wp\/v2\/product\/11149","targetHints":{"allow":["GET"]}}],"collection":[{"href":"https:\/\/linoexpress.com\/lt\/wp-json\/wp\/v2\/product"}],"about":[{"href":"https:\/\/linoexpress.com\/lt\/wp-json\/wp\/v2\/types\/product"}],"replies":[{"embeddable":true,"href":"https:\/\/linoexpress.com\/lt\/wp-json\/wp\/v2\/comments?post=11149"}],"wp:featuredmedia":[{"embeddable":true,"href":"https:\/\/linoexpress.com\/lt\/wp-json\/wp\/v2\/media\/11854"}],"wp:attachment":[{"href":"https:\/\/linoexpress.com\/lt\/wp-json\/wp\/v2\/media?parent=11149"}],"wp:term":[{"taxonomy":"product_brand","embeddable":true,"href":"https:\/\/linoexpress.com\/lt\/wp-json\/wp\/v2\/product_brand?post=11149"},{"taxonomy":"product_cat","embeddable":true,"href":"https:\/\/linoexpress.com\/lt\/wp-json\/wp\/v2\/product_cat?post=11149"},{"taxonomy":"product_tag","embeddable":true,"href":"https:\/\/linoexpress.com\/lt\/wp-json\/wp\/v2\/product_tag?post=11149"}],"curies":[{"name":"wp","href":"https:\/\/api.w.org\/{rel}","templated":true}]}}