{"id":11161,"date":"2024-11-01T13:17:39","date_gmt":"2024-11-01T12:17:39","guid":{"rendered":"https:\/\/linoexpress.com\/lt\/?post_type=product&#038;p=11161"},"modified":"2024-11-01T13:19:33","modified_gmt":"2024-11-01T12:19:33","slug":"montessori-pasidaryk-pats-siuvimo-rinkinys","status":"publish","type":"product","link":"https:\/\/linoexpress.com\/lt\/proizvod\/montessori-pasidaryk-pats-siuvimo-rinkinys\/","title":{"rendered":"Montessori \u201epasidaryk pats\u201c siuvimo rinkinys"},"content":{"rendered":"","protected":false},"excerpt":{"rendered":"<p>\u0160is \u201epasidaryk pats\u201c rinkinys idealiai tinka k\u016brybi\u0161kumui ir tikslumui lavinti. Leiskite savo vaikams patiems susikurti savo m\u0117gstam\u0105 \u017eaisl\u0105.<\/p>\n","protected":false},"featured_media":11167,"comment_status":"closed","ping_status":"closed","template":"","meta":{"inline_featured_image":false},"product_brand":[],"product_cat":[35,15],"product_tag":[],"class_list":{"0":"post-11161","1":"product","2":"type-product","3":"status-publish","4":"has-post-thumbnail","6":"product_cat-fun","7":"product_cat-uncategorized","9":"first","10":"instock","11":"sale","12":"taxable","13":"shipping-taxable","14":"purchasable","15":"product-type-simple"},"acf":[],"_links":{"self":[{"href":"https:\/\/linoexpress.com\/lt\/wp-json\/wp\/v2\/product\/11161","targetHints":{"allow":["GET"]}}],"collection":[{"href":"https:\/\/linoexpress.com\/lt\/wp-json\/wp\/v2\/product"}],"about":[{"href":"https:\/\/linoexpress.com\/lt\/wp-json\/wp\/v2\/types\/product"}],"replies":[{"embeddable":true,"href":"https:\/\/linoexpress.com\/lt\/wp-json\/wp\/v2\/comments?post=11161"}],"wp:featuredmedia":[{"embeddable":true,"href":"https:\/\/linoexpress.com\/lt\/wp-json\/wp\/v2\/media\/11167"}],"wp:attachment":[{"href":"https:\/\/linoexpress.com\/lt\/wp-json\/wp\/v2\/media?parent=11161"}],"wp:term":[{"taxonomy":"product_brand","embeddable":true,"href":"https:\/\/linoexpress.com\/lt\/wp-json\/wp\/v2\/product_brand?post=11161"},{"taxonomy":"product_cat","embeddable":true,"href":"https:\/\/linoexpress.com\/lt\/wp-json\/wp\/v2\/product_cat?post=11161"},{"taxonomy":"product_tag","embeddable":true,"href":"https:\/\/linoexpress.com\/lt\/wp-json\/wp\/v2\/product_tag?post=11161"}],"curies":[{"name":"wp","href":"https:\/\/api.w.org\/{rel}","templated":true}]}}