{"id":11170,"date":"2024-11-04T10:56:27","date_gmt":"2024-11-04T09:56:27","guid":{"rendered":"https:\/\/linoexpress.com\/lt\/?post_type=product&#038;p=11170"},"modified":"2024-11-04T12:28:49","modified_gmt":"2024-11-04T11:28:49","slug":"rankinis-baldu-remonto-rinkinys-fixall","status":"publish","type":"product","link":"https:\/\/linoexpress.com\/lt\/proizvod\/rankinis-baldu-remonto-rinkinys-fixall\/","title":{"rendered":"Rankinis bald\u0173 remonto rinkinys-FixAll"},"content":{"rendered":"","protected":false},"excerpt":{"rendered":"<p>Pataisykite smulkius vis\u0173 tip\u0173 grind\u0173 ar kit\u0173 bald\u0173 ir medini\u0173 pavir\u0161i\u0173 \u012fbr\u0117\u017eimus. Idealiai tinka parketui, laminatui, stalvir\u0161iams arba baldams ir med\u017eio darbams.<\/p>\n","protected":false},"featured_media":11179,"comment_status":"closed","ping_status":"closed","template":"","meta":{"inline_featured_image":false},"product_brand":[],"product_cat":[27,15],"product_tag":[],"class_list":{"0":"post-11170","1":"product","2":"type-product","3":"status-publish","4":"has-post-thumbnail","6":"product_cat-home","7":"product_cat-uncategorized","9":"first","10":"instock","11":"sale","12":"taxable","13":"shipping-taxable","14":"purchasable","15":"product-type-simple"},"acf":[],"_links":{"self":[{"href":"https:\/\/linoexpress.com\/lt\/wp-json\/wp\/v2\/product\/11170","targetHints":{"allow":["GET"]}}],"collection":[{"href":"https:\/\/linoexpress.com\/lt\/wp-json\/wp\/v2\/product"}],"about":[{"href":"https:\/\/linoexpress.com\/lt\/wp-json\/wp\/v2\/types\/product"}],"replies":[{"embeddable":true,"href":"https:\/\/linoexpress.com\/lt\/wp-json\/wp\/v2\/comments?post=11170"}],"wp:featuredmedia":[{"embeddable":true,"href":"https:\/\/linoexpress.com\/lt\/wp-json\/wp\/v2\/media\/11179"}],"wp:attachment":[{"href":"https:\/\/linoexpress.com\/lt\/wp-json\/wp\/v2\/media?parent=11170"}],"wp:term":[{"taxonomy":"product_brand","embeddable":true,"href":"https:\/\/linoexpress.com\/lt\/wp-json\/wp\/v2\/product_brand?post=11170"},{"taxonomy":"product_cat","embeddable":true,"href":"https:\/\/linoexpress.com\/lt\/wp-json\/wp\/v2\/product_cat?post=11170"},{"taxonomy":"product_tag","embeddable":true,"href":"https:\/\/linoexpress.com\/lt\/wp-json\/wp\/v2\/product_tag?post=11170"}],"curies":[{"name":"wp","href":"https:\/\/api.w.org\/{rel}","templated":true}]}}