{"id":11193,"date":"2024-11-04T14:01:35","date_gmt":"2024-11-04T13:01:35","guid":{"rendered":"https:\/\/linoexpress.com\/lt\/?post_type=product&#038;p=11193"},"modified":"2024-11-04T14:12:58","modified_gmt":"2024-11-04T13:12:58","slug":"silta-avalyne-kudikiams-ir-vaikams","status":"publish","type":"product","link":"https:\/\/linoexpress.com\/lt\/proizvod\/silta-avalyne-kudikiams-ir-vaikams\/","title":{"rendered":"\u0160ilta avalyn\u0117 k\u016bdikiams ir vaikams"},"content":{"rendered":"","protected":false},"excerpt":{"rendered":"<p>Patogi ir mink\u0161ta avalyn\u0117 k\u016bdikiams ir vaikams suteiks maksimal\u0173 komfort\u0105 ir \u0161ilum\u0105 ma\u017eosioms p\u0117dut\u0117ms. Auk\u0161\u010diausios kokyb\u0117s med\u017eiagos ir gra\u017ei i\u0161vaizda papildys bet kok\u012f derin\u012f.<\/p>\n","protected":false},"featured_media":11194,"comment_status":"closed","ping_status":"closed","template":"","meta":{"inline_featured_image":false},"product_brand":[],"product_cat":[28,15],"product_tag":[],"class_list":{"0":"post-11193","1":"product","2":"type-product","3":"status-publish","4":"has-post-thumbnail","6":"product_cat-beauty","7":"product_cat-uncategorized","9":"first","10":"instock","11":"sale","12":"taxable","13":"shipping-taxable","14":"purchasable","15":"product-type-simple"},"acf":[],"_links":{"self":[{"href":"https:\/\/linoexpress.com\/lt\/wp-json\/wp\/v2\/product\/11193","targetHints":{"allow":["GET"]}}],"collection":[{"href":"https:\/\/linoexpress.com\/lt\/wp-json\/wp\/v2\/product"}],"about":[{"href":"https:\/\/linoexpress.com\/lt\/wp-json\/wp\/v2\/types\/product"}],"replies":[{"embeddable":true,"href":"https:\/\/linoexpress.com\/lt\/wp-json\/wp\/v2\/comments?post=11193"}],"wp:featuredmedia":[{"embeddable":true,"href":"https:\/\/linoexpress.com\/lt\/wp-json\/wp\/v2\/media\/11194"}],"wp:attachment":[{"href":"https:\/\/linoexpress.com\/lt\/wp-json\/wp\/v2\/media?parent=11193"}],"wp:term":[{"taxonomy":"product_brand","embeddable":true,"href":"https:\/\/linoexpress.com\/lt\/wp-json\/wp\/v2\/product_brand?post=11193"},{"taxonomy":"product_cat","embeddable":true,"href":"https:\/\/linoexpress.com\/lt\/wp-json\/wp\/v2\/product_cat?post=11193"},{"taxonomy":"product_tag","embeddable":true,"href":"https:\/\/linoexpress.com\/lt\/wp-json\/wp\/v2\/product_tag?post=11193"}],"curies":[{"name":"wp","href":"https:\/\/api.w.org\/{rel}","templated":true}]}}