{"id":11213,"date":"2024-11-05T09:10:33","date_gmt":"2024-11-05T08:10:33","guid":{"rendered":"https:\/\/linoexpress.com\/lt\/?post_type=product&#038;p=11213"},"modified":"2025-08-12T22:04:07","modified_gmt":"2025-08-12T20:04:07","slug":"3d-pasaku-paveiksleliu-knygos","status":"publish","type":"product","link":"https:\/\/linoexpress.com\/lt\/proizvod\/3d-pasaku-paveiksleliu-knygos\/","title":{"rendered":"3d pasak\u0173 paveiksl\u0117li\u0173 knygos"},"content":{"rendered":"","protected":false},"excerpt":{"rendered":"<p>Kokybi\u0161kos 3D paveiksl\u0117li\u0173 knygos su m\u0117gstamomis pasakomis d\u017eiugins ir atpalaiduos j\u016bs\u0173 vaikus. Tegul vaik\u0173 vaizduot\u0117 paleid\u017eiama su \u0161iomis nuostabiomis pasakomis.<\/p>\n","protected":false},"featured_media":11216,"comment_status":"closed","ping_status":"closed","template":"","meta":{"inline_featured_image":false},"product_brand":[],"product_cat":[35,15],"product_tag":[],"class_list":{"0":"post-11213","1":"product","2":"type-product","3":"status-publish","4":"has-post-thumbnail","6":"product_cat-fun","7":"product_cat-uncategorized","9":"first","10":"instock","11":"sale","12":"taxable","13":"shipping-taxable","14":"purchasable","15":"product-type-simple"},"acf":[],"_links":{"self":[{"href":"https:\/\/linoexpress.com\/lt\/wp-json\/wp\/v2\/product\/11213","targetHints":{"allow":["GET"]}}],"collection":[{"href":"https:\/\/linoexpress.com\/lt\/wp-json\/wp\/v2\/product"}],"about":[{"href":"https:\/\/linoexpress.com\/lt\/wp-json\/wp\/v2\/types\/product"}],"replies":[{"embeddable":true,"href":"https:\/\/linoexpress.com\/lt\/wp-json\/wp\/v2\/comments?post=11213"}],"wp:featuredmedia":[{"embeddable":true,"href":"https:\/\/linoexpress.com\/lt\/wp-json\/wp\/v2\/media\/11216"}],"wp:attachment":[{"href":"https:\/\/linoexpress.com\/lt\/wp-json\/wp\/v2\/media?parent=11213"}],"wp:term":[{"taxonomy":"product_brand","embeddable":true,"href":"https:\/\/linoexpress.com\/lt\/wp-json\/wp\/v2\/product_brand?post=11213"},{"taxonomy":"product_cat","embeddable":true,"href":"https:\/\/linoexpress.com\/lt\/wp-json\/wp\/v2\/product_cat?post=11213"},{"taxonomy":"product_tag","embeddable":true,"href":"https:\/\/linoexpress.com\/lt\/wp-json\/wp\/v2\/product_tag?post=11213"}],"curies":[{"name":"wp","href":"https:\/\/api.w.org\/{rel}","templated":true}]}}