{"id":11238,"date":"2024-11-05T14:00:13","date_gmt":"2024-11-05T13:00:13","guid":{"rendered":"https:\/\/linoexpress.com\/lt\/?post_type=product&#038;p=11238"},"modified":"2025-01-16T13:41:47","modified_gmt":"2025-01-16T12:41:47","slug":"realistiskos-veido-kaukes","status":"publish","type":"product","link":"https:\/\/linoexpress.com\/lt\/proizvod\/realistiskos-veido-kaukes\/","title":{"rendered":"Realisti\u0161kos veido kauk\u0117s"},"content":{"rendered":"","protected":false},"excerpt":{"rendered":"<p>Auk\u0161\u010diausios kokyb\u0117s kauk\u0117s, pagamintos taip, kad primint\u0173 tikr\u0105 \u017emog\u0173. B\u016bkite d\u0117mesio centre per Helloween, kauki\u0173 balius, teminius vakar\u0117lius ar pok\u0161taujant savo draugams!<\/p>\n","protected":false},"featured_media":11242,"comment_status":"closed","ping_status":"closed","template":"","meta":{"inline_featured_image":false},"product_brand":[],"product_cat":[35,15],"product_tag":[],"class_list":{"0":"post-11238","1":"product","2":"type-product","3":"status-publish","4":"has-post-thumbnail","6":"product_cat-fun","7":"product_cat-uncategorized","9":"first","10":"instock","11":"sale","12":"taxable","13":"shipping-taxable","14":"purchasable","15":"product-type-simple"},"acf":[],"_links":{"self":[{"href":"https:\/\/linoexpress.com\/lt\/wp-json\/wp\/v2\/product\/11238","targetHints":{"allow":["GET"]}}],"collection":[{"href":"https:\/\/linoexpress.com\/lt\/wp-json\/wp\/v2\/product"}],"about":[{"href":"https:\/\/linoexpress.com\/lt\/wp-json\/wp\/v2\/types\/product"}],"replies":[{"embeddable":true,"href":"https:\/\/linoexpress.com\/lt\/wp-json\/wp\/v2\/comments?post=11238"}],"wp:featuredmedia":[{"embeddable":true,"href":"https:\/\/linoexpress.com\/lt\/wp-json\/wp\/v2\/media\/11242"}],"wp:attachment":[{"href":"https:\/\/linoexpress.com\/lt\/wp-json\/wp\/v2\/media?parent=11238"}],"wp:term":[{"taxonomy":"product_brand","embeddable":true,"href":"https:\/\/linoexpress.com\/lt\/wp-json\/wp\/v2\/product_brand?post=11238"},{"taxonomy":"product_cat","embeddable":true,"href":"https:\/\/linoexpress.com\/lt\/wp-json\/wp\/v2\/product_cat?post=11238"},{"taxonomy":"product_tag","embeddable":true,"href":"https:\/\/linoexpress.com\/lt\/wp-json\/wp\/v2\/product_tag?post=11238"}],"curies":[{"name":"wp","href":"https:\/\/api.w.org\/{rel}","templated":true}]}}