{"id":11246,"date":"2024-11-08T08:06:49","date_gmt":"2024-11-08T07:06:49","guid":{"rendered":"https:\/\/linoexpress.com\/lt\/?post_type=product&#038;p=11246"},"modified":"2024-11-08T08:08:27","modified_gmt":"2024-11-08T07:08:27","slug":"montessori-irankiu-deze","status":"publish","type":"product","link":"https:\/\/linoexpress.com\/lt\/proizvod\/montessori-irankiu-deze\/","title":{"rendered":"Montessori \u012franki\u0173 d\u0117\u017e\u0117"},"content":{"rendered":"","protected":false},"excerpt":{"rendered":"<p>Naujas pramog\u0173 b\u016bdas ir kokybi\u0161kai praleistas laikas. \u0160is Montessori \u012franki\u0173 rinkinys yra viskas, ko jums reikia, kad j\u016bs\u0173 vaikai b\u016bt\u0173 laimingi ir linksmint\u0173si valand\u0173 valandas!<\/p>\n","protected":false},"featured_media":11248,"comment_status":"closed","ping_status":"closed","template":"","meta":{"inline_featured_image":false},"product_brand":[],"product_cat":[35,15],"product_tag":[],"class_list":{"0":"post-11246","1":"product","2":"type-product","3":"status-publish","4":"has-post-thumbnail","6":"product_cat-fun","7":"product_cat-uncategorized","9":"first","10":"instock","11":"sale","12":"taxable","13":"shipping-taxable","14":"purchasable","15":"product-type-simple"},"acf":[],"_links":{"self":[{"href":"https:\/\/linoexpress.com\/lt\/wp-json\/wp\/v2\/product\/11246","targetHints":{"allow":["GET"]}}],"collection":[{"href":"https:\/\/linoexpress.com\/lt\/wp-json\/wp\/v2\/product"}],"about":[{"href":"https:\/\/linoexpress.com\/lt\/wp-json\/wp\/v2\/types\/product"}],"replies":[{"embeddable":true,"href":"https:\/\/linoexpress.com\/lt\/wp-json\/wp\/v2\/comments?post=11246"}],"wp:featuredmedia":[{"embeddable":true,"href":"https:\/\/linoexpress.com\/lt\/wp-json\/wp\/v2\/media\/11248"}],"wp:attachment":[{"href":"https:\/\/linoexpress.com\/lt\/wp-json\/wp\/v2\/media?parent=11246"}],"wp:term":[{"taxonomy":"product_brand","embeddable":true,"href":"https:\/\/linoexpress.com\/lt\/wp-json\/wp\/v2\/product_brand?post=11246"},{"taxonomy":"product_cat","embeddable":true,"href":"https:\/\/linoexpress.com\/lt\/wp-json\/wp\/v2\/product_cat?post=11246"},{"taxonomy":"product_tag","embeddable":true,"href":"https:\/\/linoexpress.com\/lt\/wp-json\/wp\/v2\/product_tag?post=11246"}],"curies":[{"name":"wp","href":"https:\/\/api.w.org\/{rel}","templated":true}]}}