{"id":11252,"date":"2024-11-08T10:31:07","date_gmt":"2024-11-08T09:31:07","guid":{"rendered":"https:\/\/linoexpress.com\/lt\/?post_type=product&#038;p=11252"},"modified":"2024-11-08T10:32:27","modified_gmt":"2024-11-08T09:32:27","slug":"pasidaryk-pats-rinkinys-virvelinems-apyrankems-megzti","status":"publish","type":"product","link":"https:\/\/linoexpress.com\/lt\/proizvod\/pasidaryk-pats-rinkinys-virvelinems-apyrankems-megzti\/","title":{"rendered":"\u201ePasidaryk pats\u201c rinkinys virvelin\u0117ms apyrank\u0117ms megzti"},"content":{"rendered":"","protected":false},"excerpt":{"rendered":"<p>\u0160is rankinio mezgimo rinkinys yra k\u016brybi\u0161kas \u017eaidimas vaikams, leid\u017eiantis lavinti rankinius \u012fg\u016bd\u017eius ir skatinti k\u016brybi\u0161kum\u0105.<\/p>\n","protected":false},"featured_media":11256,"comment_status":"closed","ping_status":"closed","template":"","meta":{"inline_featured_image":false},"product_brand":[],"product_cat":[35,15],"product_tag":[],"class_list":{"0":"post-11252","1":"product","2":"type-product","3":"status-publish","4":"has-post-thumbnail","6":"product_cat-fun","7":"product_cat-uncategorized","9":"first","10":"instock","11":"sale","12":"taxable","13":"shipping-taxable","14":"purchasable","15":"product-type-simple"},"acf":[],"_links":{"self":[{"href":"https:\/\/linoexpress.com\/lt\/wp-json\/wp\/v2\/product\/11252","targetHints":{"allow":["GET"]}}],"collection":[{"href":"https:\/\/linoexpress.com\/lt\/wp-json\/wp\/v2\/product"}],"about":[{"href":"https:\/\/linoexpress.com\/lt\/wp-json\/wp\/v2\/types\/product"}],"replies":[{"embeddable":true,"href":"https:\/\/linoexpress.com\/lt\/wp-json\/wp\/v2\/comments?post=11252"}],"wp:featuredmedia":[{"embeddable":true,"href":"https:\/\/linoexpress.com\/lt\/wp-json\/wp\/v2\/media\/11256"}],"wp:attachment":[{"href":"https:\/\/linoexpress.com\/lt\/wp-json\/wp\/v2\/media?parent=11252"}],"wp:term":[{"taxonomy":"product_brand","embeddable":true,"href":"https:\/\/linoexpress.com\/lt\/wp-json\/wp\/v2\/product_brand?post=11252"},{"taxonomy":"product_cat","embeddable":true,"href":"https:\/\/linoexpress.com\/lt\/wp-json\/wp\/v2\/product_cat?post=11252"},{"taxonomy":"product_tag","embeddable":true,"href":"https:\/\/linoexpress.com\/lt\/wp-json\/wp\/v2\/product_tag?post=11252"}],"curies":[{"name":"wp","href":"https:\/\/api.w.org\/{rel}","templated":true}]}}