{"id":11258,"date":"2024-11-08T13:24:53","date_gmt":"2024-11-08T12:24:53","guid":{"rendered":"https:\/\/linoexpress.com\/lt\/?post_type=product&#038;p=11258"},"modified":"2025-04-28T10:04:02","modified_gmt":"2025-04-28T08:04:02","slug":"sulankstoma-vaikiska-elektrine-kartingo-transporto-priemone","status":"publish","type":"product","link":"https:\/\/linoexpress.com\/lt\/proizvod\/sulankstoma-vaikiska-elektrine-kartingo-transporto-priemone\/","title":{"rendered":"Sulankstoma vaiki\u0161ka elektrin\u0117 kartingo transporto priemon\u0117"},"content":{"rendered":"","protected":false},"excerpt":{"rendered":"<p>Elektrinis kartingas vaikams, puikiai tinkantis ma\u017eiesiems, m\u0117gstantiems azart\u0105 ir vairavim\u0105!<\/p>\n","protected":false},"featured_media":11259,"comment_status":"closed","ping_status":"closed","template":"","meta":{"inline_featured_image":false},"product_brand":[],"product_cat":[35,15],"product_tag":[],"class_list":{"0":"post-11258","1":"product","2":"type-product","3":"status-publish","4":"has-post-thumbnail","6":"product_cat-fun","7":"product_cat-uncategorized","9":"first","10":"instock","11":"sale","12":"taxable","13":"shipping-taxable","14":"purchasable","15":"product-type-simple"},"acf":[],"_links":{"self":[{"href":"https:\/\/linoexpress.com\/lt\/wp-json\/wp\/v2\/product\/11258","targetHints":{"allow":["GET"]}}],"collection":[{"href":"https:\/\/linoexpress.com\/lt\/wp-json\/wp\/v2\/product"}],"about":[{"href":"https:\/\/linoexpress.com\/lt\/wp-json\/wp\/v2\/types\/product"}],"replies":[{"embeddable":true,"href":"https:\/\/linoexpress.com\/lt\/wp-json\/wp\/v2\/comments?post=11258"}],"wp:featuredmedia":[{"embeddable":true,"href":"https:\/\/linoexpress.com\/lt\/wp-json\/wp\/v2\/media\/11259"}],"wp:attachment":[{"href":"https:\/\/linoexpress.com\/lt\/wp-json\/wp\/v2\/media?parent=11258"}],"wp:term":[{"taxonomy":"product_brand","embeddable":true,"href":"https:\/\/linoexpress.com\/lt\/wp-json\/wp\/v2\/product_brand?post=11258"},{"taxonomy":"product_cat","embeddable":true,"href":"https:\/\/linoexpress.com\/lt\/wp-json\/wp\/v2\/product_cat?post=11258"},{"taxonomy":"product_tag","embeddable":true,"href":"https:\/\/linoexpress.com\/lt\/wp-json\/wp\/v2\/product_tag?post=11258"}],"curies":[{"name":"wp","href":"https:\/\/api.w.org\/{rel}","templated":true}]}}