{"id":11325,"date":"2025-02-18T17:32:42","date_gmt":"2025-02-18T16:32:42","guid":{"rendered":"https:\/\/linoexpress.com\/lt\/?post_type=product&#038;p=11325"},"modified":"2025-02-18T18:39:25","modified_gmt":"2025-02-18T17:39:25","slug":"nematomas-numerio-zenklo-purskalas","status":"publish","type":"product","link":"https:\/\/linoexpress.com\/lt\/proizvod\/nematomas-numerio-zenklo-purskalas\/","title":{"rendered":"Nematomas numerio \u017eenklo pur\u0161kalas"},"content":{"rendered":"","protected":false},"excerpt":{"rendered":"<p>\u0160is japoni\u0161kas nematomas pur\u0161kalas suteikia akimirksniu rezultatus ir u\u017etikrina visi\u0161k\u0105 privatum\u0105 vairuojant. Tiesiog apipurk\u0161kite valstybin\u012f numer\u012f ir maksimaliai apsisaugokite nuo sekimo sistem\u0173. Naudojant \u0161i\u0105 naujovi\u0161k\u0105 nuotrauk\u0173 blokavimo technologij\u0105, j\u016bs\u0173 anonimi\u0161kumas yra pirmoje vietoje.<\/p>\n","protected":false},"featured_media":11330,"comment_status":"closed","ping_status":"closed","template":"","meta":{"inline_featured_image":false},"product_brand":[],"product_cat":[35,15],"product_tag":[],"class_list":{"0":"post-11325","1":"product","2":"type-product","3":"status-publish","4":"has-post-thumbnail","6":"product_cat-fun","7":"product_cat-uncategorized","9":"first","10":"instock","11":"sale","12":"taxable","13":"shipping-taxable","14":"purchasable","15":"product-type-simple"},"acf":[],"_links":{"self":[{"href":"https:\/\/linoexpress.com\/lt\/wp-json\/wp\/v2\/product\/11325","targetHints":{"allow":["GET"]}}],"collection":[{"href":"https:\/\/linoexpress.com\/lt\/wp-json\/wp\/v2\/product"}],"about":[{"href":"https:\/\/linoexpress.com\/lt\/wp-json\/wp\/v2\/types\/product"}],"replies":[{"embeddable":true,"href":"https:\/\/linoexpress.com\/lt\/wp-json\/wp\/v2\/comments?post=11325"}],"wp:featuredmedia":[{"embeddable":true,"href":"https:\/\/linoexpress.com\/lt\/wp-json\/wp\/v2\/media\/11330"}],"wp:attachment":[{"href":"https:\/\/linoexpress.com\/lt\/wp-json\/wp\/v2\/media?parent=11325"}],"wp:term":[{"taxonomy":"product_brand","embeddable":true,"href":"https:\/\/linoexpress.com\/lt\/wp-json\/wp\/v2\/product_brand?post=11325"},{"taxonomy":"product_cat","embeddable":true,"href":"https:\/\/linoexpress.com\/lt\/wp-json\/wp\/v2\/product_cat?post=11325"},{"taxonomy":"product_tag","embeddable":true,"href":"https:\/\/linoexpress.com\/lt\/wp-json\/wp\/v2\/product_tag?post=11325"}],"curies":[{"name":"wp","href":"https:\/\/api.w.org\/{rel}","templated":true}]}}