{"id":11347,"date":"2025-03-04T10:03:24","date_gmt":"2025-03-04T09:03:24","guid":{"rendered":"https:\/\/linoexpress.com\/lt\/?post_type=product&#038;p=11347"},"modified":"2025-09-18T10:34:22","modified_gmt":"2025-09-18T08:34:22","slug":"duru-montavimo-padeties-reguliatorius","status":"publish","type":"product","link":"https:\/\/linoexpress.com\/lt\/proizvod\/duru-montavimo-padeties-reguliatorius\/","title":{"rendered":"Dur\u0173 montavimo pad\u0117ties reguliatorius"},"content":{"rendered":"","protected":false},"excerpt":{"rendered":"<p>M\u016bs\u0173 dur\u0173 montavimo pad\u0117ties nustatymo \u012ftaisas yra greitas ir tikslus b\u016bdas pasiekti tobul\u0105 i\u0161lyginim\u0105, net ir be kit\u0173 pagalbos. \u0160is \u012frankis sukurtas taip, kad j\u012f b\u016bt\u0173 patogu naudoti, kad gal\u0117tum\u0117te grei\u010diau ir efektyviau atlikti darb\u0105.<\/p>\n","protected":false},"featured_media":11348,"comment_status":"closed","ping_status":"closed","template":"","meta":{"inline_featured_image":false},"product_brand":[],"product_cat":[35,15],"product_tag":[],"class_list":{"0":"post-11347","1":"product","2":"type-product","3":"status-publish","4":"has-post-thumbnail","6":"product_cat-fun","7":"product_cat-uncategorized","9":"first","10":"instock","11":"sale","12":"taxable","13":"shipping-taxable","14":"purchasable","15":"product-type-simple"},"acf":[],"_links":{"self":[{"href":"https:\/\/linoexpress.com\/lt\/wp-json\/wp\/v2\/product\/11347","targetHints":{"allow":["GET"]}}],"collection":[{"href":"https:\/\/linoexpress.com\/lt\/wp-json\/wp\/v2\/product"}],"about":[{"href":"https:\/\/linoexpress.com\/lt\/wp-json\/wp\/v2\/types\/product"}],"replies":[{"embeddable":true,"href":"https:\/\/linoexpress.com\/lt\/wp-json\/wp\/v2\/comments?post=11347"}],"wp:featuredmedia":[{"embeddable":true,"href":"https:\/\/linoexpress.com\/lt\/wp-json\/wp\/v2\/media\/11348"}],"wp:attachment":[{"href":"https:\/\/linoexpress.com\/lt\/wp-json\/wp\/v2\/media?parent=11347"}],"wp:term":[{"taxonomy":"product_brand","embeddable":true,"href":"https:\/\/linoexpress.com\/lt\/wp-json\/wp\/v2\/product_brand?post=11347"},{"taxonomy":"product_cat","embeddable":true,"href":"https:\/\/linoexpress.com\/lt\/wp-json\/wp\/v2\/product_cat?post=11347"},{"taxonomy":"product_tag","embeddable":true,"href":"https:\/\/linoexpress.com\/lt\/wp-json\/wp\/v2\/product_tag?post=11347"}],"curies":[{"name":"wp","href":"https:\/\/api.w.org\/{rel}","templated":true}]}}