{"id":11356,"date":"2025-03-04T12:37:48","date_gmt":"2025-03-04T11:37:48","guid":{"rendered":"https:\/\/linoexpress.com\/lt\/?post_type=product&#038;p=11356"},"modified":"2025-09-18T10:12:22","modified_gmt":"2025-09-18T08:12:22","slug":"raidziu-graviravimo-rinkinys","status":"publish","type":"product","link":"https:\/\/linoexpress.com\/lt\/proizvod\/raidziu-graviravimo-rinkinys\/","title":{"rendered":"Raid\u017ei\u0173 graviravimo rinkinys"},"content":{"rendered":"","protected":false},"excerpt":{"rendered":"<p>Visa raid\u017ei\u0173 ab\u0117c\u0117l\u0117 graviravimui. Kurkite monogramas, reljefinius pavadinimus ar \u017eod\u017eius arba individualizuokite savo darb\u0105!<\/p>\n","protected":false},"featured_media":11357,"comment_status":"closed","ping_status":"closed","template":"","meta":{"inline_featured_image":false},"product_brand":[],"product_cat":[35,15],"product_tag":[],"class_list":{"0":"post-11356","1":"product","2":"type-product","3":"status-publish","4":"has-post-thumbnail","6":"product_cat-fun","7":"product_cat-uncategorized","9":"first","10":"instock","11":"sale","12":"taxable","13":"shipping-taxable","14":"purchasable","15":"product-type-simple"},"acf":[],"_links":{"self":[{"href":"https:\/\/linoexpress.com\/lt\/wp-json\/wp\/v2\/product\/11356","targetHints":{"allow":["GET"]}}],"collection":[{"href":"https:\/\/linoexpress.com\/lt\/wp-json\/wp\/v2\/product"}],"about":[{"href":"https:\/\/linoexpress.com\/lt\/wp-json\/wp\/v2\/types\/product"}],"replies":[{"embeddable":true,"href":"https:\/\/linoexpress.com\/lt\/wp-json\/wp\/v2\/comments?post=11356"}],"wp:featuredmedia":[{"embeddable":true,"href":"https:\/\/linoexpress.com\/lt\/wp-json\/wp\/v2\/media\/11357"}],"wp:attachment":[{"href":"https:\/\/linoexpress.com\/lt\/wp-json\/wp\/v2\/media?parent=11356"}],"wp:term":[{"taxonomy":"product_brand","embeddable":true,"href":"https:\/\/linoexpress.com\/lt\/wp-json\/wp\/v2\/product_brand?post=11356"},{"taxonomy":"product_cat","embeddable":true,"href":"https:\/\/linoexpress.com\/lt\/wp-json\/wp\/v2\/product_cat?post=11356"},{"taxonomy":"product_tag","embeddable":true,"href":"https:\/\/linoexpress.com\/lt\/wp-json\/wp\/v2\/product_tag?post=11356"}],"curies":[{"name":"wp","href":"https:\/\/api.w.org\/{rel}","templated":true}]}}