{"id":11365,"date":"2025-03-04T13:33:04","date_gmt":"2025-03-04T12:33:04","guid":{"rendered":"https:\/\/linoexpress.com\/lt\/?post_type=product&#038;p=11365"},"modified":"2025-03-13T01:35:13","modified_gmt":"2025-03-13T00:35:13","slug":"meno-rinkinys-kurybine-magija","status":"publish","type":"product","link":"https:\/\/linoexpress.com\/lt\/proizvod\/meno-rinkinys-kurybine-magija\/","title":{"rendered":"Meno rinkinys \u2013 k\u016brybin\u0117 magija"},"content":{"rendered":"","protected":false},"excerpt":{"rendered":"<p>Atraskite magi\u0161k\u0105 meno pasaul\u012f! \u0160is k\u016brybinis rinkinys leid\u017eia lengvai sukurti ne\u012ftik\u0117tinus meno k\u016brinius vienu \u012fbr\u0117\u017eimu. Nesvarbu, ar esate pradedantysis, ar patyr\u0119s menininkas, \u0161is rinkinys si\u016blo neribotas galimybes i\u0161reik\u0161ti savo k\u016brybi\u0161kum\u0105. Nud\u017eiuginkite savo vaikus ar save \u0161iuo smagiu ir lavinamuoju u\u017esi\u0117mimu!<\/p>\n","protected":false},"featured_media":11371,"comment_status":"closed","ping_status":"closed","template":"","meta":{"inline_featured_image":false},"product_brand":[],"product_cat":[35,15],"product_tag":[],"class_list":{"0":"post-11365","1":"product","2":"type-product","3":"status-publish","4":"has-post-thumbnail","6":"product_cat-fun","7":"product_cat-uncategorized","9":"first","10":"instock","11":"sale","12":"taxable","13":"shipping-taxable","14":"purchasable","15":"product-type-simple"},"acf":[],"_links":{"self":[{"href":"https:\/\/linoexpress.com\/lt\/wp-json\/wp\/v2\/product\/11365","targetHints":{"allow":["GET"]}}],"collection":[{"href":"https:\/\/linoexpress.com\/lt\/wp-json\/wp\/v2\/product"}],"about":[{"href":"https:\/\/linoexpress.com\/lt\/wp-json\/wp\/v2\/types\/product"}],"replies":[{"embeddable":true,"href":"https:\/\/linoexpress.com\/lt\/wp-json\/wp\/v2\/comments?post=11365"}],"wp:featuredmedia":[{"embeddable":true,"href":"https:\/\/linoexpress.com\/lt\/wp-json\/wp\/v2\/media\/11371"}],"wp:attachment":[{"href":"https:\/\/linoexpress.com\/lt\/wp-json\/wp\/v2\/media?parent=11365"}],"wp:term":[{"taxonomy":"product_brand","embeddable":true,"href":"https:\/\/linoexpress.com\/lt\/wp-json\/wp\/v2\/product_brand?post=11365"},{"taxonomy":"product_cat","embeddable":true,"href":"https:\/\/linoexpress.com\/lt\/wp-json\/wp\/v2\/product_cat?post=11365"},{"taxonomy":"product_tag","embeddable":true,"href":"https:\/\/linoexpress.com\/lt\/wp-json\/wp\/v2\/product_tag?post=11365"}],"curies":[{"name":"wp","href":"https:\/\/api.w.org\/{rel}","templated":true}]}}