{"id":11383,"date":"2025-03-12T23:50:28","date_gmt":"2025-03-12T22:50:28","guid":{"rendered":"https:\/\/linoexpress.com\/lt\/?post_type=product&#038;p=11383"},"modified":"2025-04-28T10:08:42","modified_gmt":"2025-04-28T08:08:42","slug":"2-viename-elektrinis-ir-mechaninis-automobilis","status":"publish","type":"product","link":"https:\/\/linoexpress.com\/lt\/proizvod\/2-viename-elektrinis-ir-mechaninis-automobilis\/","title":{"rendered":"2 viename elektrinis ir mechaninis automobilis"},"content":{"rendered":"","protected":false},"excerpt":{"rendered":"<p>\u0160is novatori\u0161kas \u017eaislinis automobilis leid\u017eia vaikams rinktis tarp klasikinio rankinio valdymo ir elektrinio re\u017eimo, kad vairavimas b\u016bt\u0173 dar smagiau. Puikiai tinka \u017eaisti namuose ar lauke, u\u017etikrina saugum\u0105 ir stabilum\u0105. D\u0117l modernaus dizaino ir paprasto naudojimo jis yra idealus pasirinkimas ma\u017eiesiems.<\/p>\n","protected":false},"featured_media":11387,"comment_status":"closed","ping_status":"closed","template":"","meta":{"inline_featured_image":false},"product_brand":[],"product_cat":[35,15],"product_tag":[],"class_list":{"0":"post-11383","1":"product","2":"type-product","3":"status-publish","4":"has-post-thumbnail","6":"product_cat-fun","7":"product_cat-uncategorized","9":"first","10":"instock","11":"sale","12":"taxable","13":"shipping-taxable","14":"purchasable","15":"product-type-simple"},"acf":[],"_links":{"self":[{"href":"https:\/\/linoexpress.com\/lt\/wp-json\/wp\/v2\/product\/11383","targetHints":{"allow":["GET"]}}],"collection":[{"href":"https:\/\/linoexpress.com\/lt\/wp-json\/wp\/v2\/product"}],"about":[{"href":"https:\/\/linoexpress.com\/lt\/wp-json\/wp\/v2\/types\/product"}],"replies":[{"embeddable":true,"href":"https:\/\/linoexpress.com\/lt\/wp-json\/wp\/v2\/comments?post=11383"}],"wp:featuredmedia":[{"embeddable":true,"href":"https:\/\/linoexpress.com\/lt\/wp-json\/wp\/v2\/media\/11387"}],"wp:attachment":[{"href":"https:\/\/linoexpress.com\/lt\/wp-json\/wp\/v2\/media?parent=11383"}],"wp:term":[{"taxonomy":"product_brand","embeddable":true,"href":"https:\/\/linoexpress.com\/lt\/wp-json\/wp\/v2\/product_brand?post=11383"},{"taxonomy":"product_cat","embeddable":true,"href":"https:\/\/linoexpress.com\/lt\/wp-json\/wp\/v2\/product_cat?post=11383"},{"taxonomy":"product_tag","embeddable":true,"href":"https:\/\/linoexpress.com\/lt\/wp-json\/wp\/v2\/product_tag?post=11383"}],"curies":[{"name":"wp","href":"https:\/\/api.w.org\/{rel}","templated":true}]}}