{"id":11389,"date":"2025-03-13T01:40:28","date_gmt":"2025-03-13T00:40:28","guid":{"rendered":"https:\/\/linoexpress.com\/lt\/?post_type=product&#038;p=11389"},"modified":"2025-03-13T02:07:23","modified_gmt":"2025-03-13T01:07:23","slug":"nosies-klipas-nuo-knarkimo","status":"publish","type":"product","link":"https:\/\/linoexpress.com\/lt\/proizvod\/nosies-klipas-nuo-knarkimo\/","title":{"rendered":"Nosies klipas nuo knarkimo"},"content":{"rendered":"","protected":false},"excerpt":{"rendered":"<p>Palengvinkite kv\u0117pavim\u0105 ir mieg\u0105 naudodami efektyv\u0173 sprendim\u0105 nuo knarkimo! \u0160is segtukas leid\u017eia lengviau u\u017emigti, pagerina ventiliacij\u0105 ir suma\u017eina knarkim\u0105. Idealiai tinka sportininkams ir visiems, kurie nori geresn\u0117s miego kokyb\u0117s.<\/p>\n","protected":false},"featured_media":11390,"comment_status":"closed","ping_status":"closed","template":"","meta":{"inline_featured_image":false},"product_brand":[],"product_cat":[35,15],"product_tag":[],"class_list":{"0":"post-11389","1":"product","2":"type-product","3":"status-publish","4":"has-post-thumbnail","6":"product_cat-fun","7":"product_cat-uncategorized","9":"first","10":"instock","11":"sale","12":"taxable","13":"shipping-taxable","14":"purchasable","15":"product-type-simple"},"acf":[],"_links":{"self":[{"href":"https:\/\/linoexpress.com\/lt\/wp-json\/wp\/v2\/product\/11389","targetHints":{"allow":["GET"]}}],"collection":[{"href":"https:\/\/linoexpress.com\/lt\/wp-json\/wp\/v2\/product"}],"about":[{"href":"https:\/\/linoexpress.com\/lt\/wp-json\/wp\/v2\/types\/product"}],"replies":[{"embeddable":true,"href":"https:\/\/linoexpress.com\/lt\/wp-json\/wp\/v2\/comments?post=11389"}],"wp:featuredmedia":[{"embeddable":true,"href":"https:\/\/linoexpress.com\/lt\/wp-json\/wp\/v2\/media\/11390"}],"wp:attachment":[{"href":"https:\/\/linoexpress.com\/lt\/wp-json\/wp\/v2\/media?parent=11389"}],"wp:term":[{"taxonomy":"product_brand","embeddable":true,"href":"https:\/\/linoexpress.com\/lt\/wp-json\/wp\/v2\/product_brand?post=11389"},{"taxonomy":"product_cat","embeddable":true,"href":"https:\/\/linoexpress.com\/lt\/wp-json\/wp\/v2\/product_cat?post=11389"},{"taxonomy":"product_tag","embeddable":true,"href":"https:\/\/linoexpress.com\/lt\/wp-json\/wp\/v2\/product_tag?post=11389"}],"curies":[{"name":"wp","href":"https:\/\/api.w.org\/{rel}","templated":true}]}}