{"id":11397,"date":"2025-03-13T02:41:01","date_gmt":"2025-03-13T01:41:01","guid":{"rendered":"https:\/\/linoexpress.com\/lt\/?post_type=product&#038;p=11397"},"modified":"2025-09-18T10:44:06","modified_gmt":"2025-09-18T08:44:06","slug":"individuali-bokso-treniruociu-juosta","status":"publish","type":"product","link":"https:\/\/linoexpress.com\/lt\/proizvod\/individuali-bokso-treniruociu-juosta\/","title":{"rendered":"Individuali bokso treniruo\u010di\u0173 juosta"},"content":{"rendered":"","protected":false},"excerpt":{"rendered":"<p>Novatori\u0161ka atsparumo juosta, sukurta specialiai boksininkams. Jie padeda pagerinti koj\u0173 darb\u0105, padidinti sm\u016bgio j\u0117g\u0105 ir apsisaugoti nuo traum\u0173. Puikus \u012frankis bet kokio lygio boksininkui, nuo pradedan\u010di\u0173j\u0173 iki profesional\u0173.<\/p>\n","protected":false},"featured_media":11398,"comment_status":"closed","ping_status":"closed","template":"","meta":{"inline_featured_image":false},"product_brand":[],"product_cat":[35,15],"product_tag":[],"class_list":{"0":"post-11397","1":"product","2":"type-product","3":"status-publish","4":"has-post-thumbnail","6":"product_cat-fun","7":"product_cat-uncategorized","9":"first","10":"instock","11":"sale","12":"taxable","13":"shipping-taxable","14":"purchasable","15":"product-type-simple"},"acf":[],"_links":{"self":[{"href":"https:\/\/linoexpress.com\/lt\/wp-json\/wp\/v2\/product\/11397","targetHints":{"allow":["GET"]}}],"collection":[{"href":"https:\/\/linoexpress.com\/lt\/wp-json\/wp\/v2\/product"}],"about":[{"href":"https:\/\/linoexpress.com\/lt\/wp-json\/wp\/v2\/types\/product"}],"replies":[{"embeddable":true,"href":"https:\/\/linoexpress.com\/lt\/wp-json\/wp\/v2\/comments?post=11397"}],"wp:featuredmedia":[{"embeddable":true,"href":"https:\/\/linoexpress.com\/lt\/wp-json\/wp\/v2\/media\/11398"}],"wp:attachment":[{"href":"https:\/\/linoexpress.com\/lt\/wp-json\/wp\/v2\/media?parent=11397"}],"wp:term":[{"taxonomy":"product_brand","embeddable":true,"href":"https:\/\/linoexpress.com\/lt\/wp-json\/wp\/v2\/product_brand?post=11397"},{"taxonomy":"product_cat","embeddable":true,"href":"https:\/\/linoexpress.com\/lt\/wp-json\/wp\/v2\/product_cat?post=11397"},{"taxonomy":"product_tag","embeddable":true,"href":"https:\/\/linoexpress.com\/lt\/wp-json\/wp\/v2\/product_tag?post=11397"}],"curies":[{"name":"wp","href":"https:\/\/api.w.org\/{rel}","templated":true}]}}