{"id":11429,"date":"2025-03-15T12:02:38","date_gmt":"2025-03-15T11:02:38","guid":{"rendered":"https:\/\/linoexpress.com\/lt\/?post_type=product&#038;p=11429"},"modified":"2025-04-28T13:18:37","modified_gmt":"2025-04-28T11:18:37","slug":"interaktyvus-pauksciu-zaislas-katems","status":"publish","type":"product","link":"https:\/\/linoexpress.com\/lt\/proizvod\/interaktyvus-pauksciu-zaislas-katems\/","title":{"rendered":"Interaktyvus pauk\u0161\u010di\u0173 \u017eaislas kat\u0117ms"},"content":{"rendered":"","protected":false},"excerpt":{"rendered":"<p>Su tikrovi\u0161kais garsais ir judesiais \u0161is pliu\u0161inis pauk\u0161tis suteiks j\u016bs\u0173 katei valand\u0173 valand\u0173 pramog\u0173. D\u0117l plunksn\u0173 ir mink\u0161tos med\u017eiagos jis puikiai tinka kramtyti, gaudyti ir \u017eaisti. Stimuliuoja nat\u016bralius kat\u0117s instinktus, skatina aktyvum\u0105 ir protin\u0119 stimuliacij\u0105.<\/p>\n","protected":false},"featured_media":11432,"comment_status":"closed","ping_status":"closed","template":"","meta":{"inline_featured_image":false},"product_brand":[],"product_cat":[35,15],"product_tag":[],"class_list":{"0":"post-11429","1":"product","2":"type-product","3":"status-publish","4":"has-post-thumbnail","6":"product_cat-fun","7":"product_cat-uncategorized","9":"first","10":"instock","11":"sale","12":"taxable","13":"shipping-taxable","14":"purchasable","15":"product-type-simple"},"acf":[],"_links":{"self":[{"href":"https:\/\/linoexpress.com\/lt\/wp-json\/wp\/v2\/product\/11429","targetHints":{"allow":["GET"]}}],"collection":[{"href":"https:\/\/linoexpress.com\/lt\/wp-json\/wp\/v2\/product"}],"about":[{"href":"https:\/\/linoexpress.com\/lt\/wp-json\/wp\/v2\/types\/product"}],"replies":[{"embeddable":true,"href":"https:\/\/linoexpress.com\/lt\/wp-json\/wp\/v2\/comments?post=11429"}],"wp:featuredmedia":[{"embeddable":true,"href":"https:\/\/linoexpress.com\/lt\/wp-json\/wp\/v2\/media\/11432"}],"wp:attachment":[{"href":"https:\/\/linoexpress.com\/lt\/wp-json\/wp\/v2\/media?parent=11429"}],"wp:term":[{"taxonomy":"product_brand","embeddable":true,"href":"https:\/\/linoexpress.com\/lt\/wp-json\/wp\/v2\/product_brand?post=11429"},{"taxonomy":"product_cat","embeddable":true,"href":"https:\/\/linoexpress.com\/lt\/wp-json\/wp\/v2\/product_cat?post=11429"},{"taxonomy":"product_tag","embeddable":true,"href":"https:\/\/linoexpress.com\/lt\/wp-json\/wp\/v2\/product_tag?post=11429"}],"curies":[{"name":"wp","href":"https:\/\/api.w.org\/{rel}","templated":true}]}}