{"id":11468,"date":"2025-03-31T14:24:14","date_gmt":"2025-03-31T12:24:14","guid":{"rendered":"https:\/\/linoexpress.com\/lt\/?post_type=product&#038;p=11468"},"modified":"2025-09-18T10:44:15","modified_gmt":"2025-09-18T08:44:15","slug":"individuali-bokso-treniruociu-juosta-2","status":"publish","type":"product","link":"https:\/\/linoexpress.com\/lt\/proizvod\/individuali-bokso-treniruociu-juosta-2\/","title":{"rendered":"Individuali bokso treniruo\u010di\u0173 juosta"},"content":{"rendered":"","protected":false},"excerpt":{"rendered":"<p>Novatori\u0161kas bokso treniruo\u010di\u0173 dir\u017eelis, gerinantis greit\u012f, j\u0117g\u0105 ir judrum\u0105. Tai padeda sustiprinti pagrindinius raumenis ir u\u017etikrina sprogstam\u0105j\u012f jud\u0117jim\u0105 be svarmen\u0173.<\/p>\n","protected":false},"featured_media":11398,"comment_status":"closed","ping_status":"closed","template":"","meta":{"inline_featured_image":false},"product_brand":[],"product_cat":[28,26,15],"product_tag":[],"class_list":{"0":"post-11468","1":"product","2":"type-product","3":"status-publish","4":"has-post-thumbnail","6":"product_cat-beauty","7":"product_cat-health","8":"product_cat-uncategorized","10":"first","11":"instock","12":"sale","13":"taxable","14":"shipping-taxable","15":"purchasable","16":"product-type-simple"},"acf":[],"_links":{"self":[{"href":"https:\/\/linoexpress.com\/lt\/wp-json\/wp\/v2\/product\/11468","targetHints":{"allow":["GET"]}}],"collection":[{"href":"https:\/\/linoexpress.com\/lt\/wp-json\/wp\/v2\/product"}],"about":[{"href":"https:\/\/linoexpress.com\/lt\/wp-json\/wp\/v2\/types\/product"}],"replies":[{"embeddable":true,"href":"https:\/\/linoexpress.com\/lt\/wp-json\/wp\/v2\/comments?post=11468"}],"wp:featuredmedia":[{"embeddable":true,"href":"https:\/\/linoexpress.com\/lt\/wp-json\/wp\/v2\/media\/11398"}],"wp:attachment":[{"href":"https:\/\/linoexpress.com\/lt\/wp-json\/wp\/v2\/media?parent=11468"}],"wp:term":[{"taxonomy":"product_brand","embeddable":true,"href":"https:\/\/linoexpress.com\/lt\/wp-json\/wp\/v2\/product_brand?post=11468"},{"taxonomy":"product_cat","embeddable":true,"href":"https:\/\/linoexpress.com\/lt\/wp-json\/wp\/v2\/product_cat?post=11468"},{"taxonomy":"product_tag","embeddable":true,"href":"https:\/\/linoexpress.com\/lt\/wp-json\/wp\/v2\/product_tag?post=11468"}],"curies":[{"name":"wp","href":"https:\/\/api.w.org\/{rel}","templated":true}]}}