{"id":11485,"date":"2025-04-04T14:35:40","date_gmt":"2025-04-04T12:35:40","guid":{"rendered":"https:\/\/linoexpress.com\/lt\/?post_type=product&#038;p=11485"},"modified":"2025-09-18T09:54:46","modified_gmt":"2025-09-18T07:54:46","slug":"tikros-veido-kaukes","status":"publish","type":"product","link":"https:\/\/linoexpress.com\/lt\/proizvod\/tikros-veido-kaukes\/","title":{"rendered":"Tikros veido kauk\u0117s"},"content":{"rendered":"","protected":false},"excerpt":{"rendered":"<p>Akimirksniu pavirskite kitu \u017emogumi!<br \/>\nAuk\u0161tos kokyb\u0117s tikrovi\u0161kos kauk\u0117s i\u0161 nat\u016bralaus latekso. Puikiai tinka Helovinui, kauki\u0173 baliams, teminiams vakar\u0117liams ar nepamir\u0161tamoms i\u0161daigoms su draugais.<\/p>\n","protected":false},"featured_media":11492,"comment_status":"closed","ping_status":"closed","template":"","meta":{"inline_featured_image":false},"product_brand":[],"product_cat":[27,15],"product_tag":[],"class_list":{"0":"post-11485","1":"product","2":"type-product","3":"status-publish","4":"has-post-thumbnail","6":"product_cat-home","7":"product_cat-uncategorized","9":"first","10":"instock","11":"sale","12":"taxable","13":"shipping-taxable","14":"purchasable","15":"product-type-simple"},"acf":[],"_links":{"self":[{"href":"https:\/\/linoexpress.com\/lt\/wp-json\/wp\/v2\/product\/11485","targetHints":{"allow":["GET"]}}],"collection":[{"href":"https:\/\/linoexpress.com\/lt\/wp-json\/wp\/v2\/product"}],"about":[{"href":"https:\/\/linoexpress.com\/lt\/wp-json\/wp\/v2\/types\/product"}],"replies":[{"embeddable":true,"href":"https:\/\/linoexpress.com\/lt\/wp-json\/wp\/v2\/comments?post=11485"}],"wp:featuredmedia":[{"embeddable":true,"href":"https:\/\/linoexpress.com\/lt\/wp-json\/wp\/v2\/media\/11492"}],"wp:attachment":[{"href":"https:\/\/linoexpress.com\/lt\/wp-json\/wp\/v2\/media?parent=11485"}],"wp:term":[{"taxonomy":"product_brand","embeddable":true,"href":"https:\/\/linoexpress.com\/lt\/wp-json\/wp\/v2\/product_brand?post=11485"},{"taxonomy":"product_cat","embeddable":true,"href":"https:\/\/linoexpress.com\/lt\/wp-json\/wp\/v2\/product_cat?post=11485"},{"taxonomy":"product_tag","embeddable":true,"href":"https:\/\/linoexpress.com\/lt\/wp-json\/wp\/v2\/product_tag?post=11485"}],"curies":[{"name":"wp","href":"https:\/\/api.w.org\/{rel}","templated":true}]}}