{"id":11511,"date":"2025-04-09T09:22:06","date_gmt":"2025-04-09T07:22:06","guid":{"rendered":"https:\/\/linoexpress.com\/lt\/?post_type=product&#038;p=11511"},"modified":"2025-09-18T09:54:58","modified_gmt":"2025-09-18T07:54:58","slug":"2-viename-elektrinis-ir-mechaninis-automobilis-2","status":"publish","type":"product","link":"https:\/\/linoexpress.com\/lt\/proizvod\/2-viename-elektrinis-ir-mechaninis-automobilis-2\/","title":{"rendered":"2 viename elektrinis ir mechaninis automobilis"},"content":{"rendered":"","protected":false},"excerpt":{"rendered":"<p>\u0160is novatori\u0161kas \u017eaislinis automobilis vaikams suteikia dvigubai daugiau linksmybi\u0173 ir lankstumo. Jie gali j\u012f naudoti rankiniu b\u016bdu sukdami vair\u0105 arba \u012fjungti elektrin\u0119 pavar\u0105, kad va\u017eiavimas b\u016bt\u0173 dar patogesnis. Jis idealiai tinka \u017eaidimams viduje ir lauke, nes yra saugi ir stabili konstrukcija, u\u017etikrinanti ner\u016bpesting\u0105 \u017eaidim\u0105.<\/p>\n","protected":false},"featured_media":11514,"comment_status":"closed","ping_status":"closed","template":"","meta":{"inline_featured_image":false},"product_brand":[],"product_cat":[27,15],"product_tag":[],"class_list":{"0":"post-11511","1":"product","2":"type-product","3":"status-publish","4":"has-post-thumbnail","6":"product_cat-home","7":"product_cat-uncategorized","9":"first","10":"instock","11":"sale","12":"taxable","13":"shipping-taxable","14":"purchasable","15":"product-type-simple"},"acf":[],"_links":{"self":[{"href":"https:\/\/linoexpress.com\/lt\/wp-json\/wp\/v2\/product\/11511","targetHints":{"allow":["GET"]}}],"collection":[{"href":"https:\/\/linoexpress.com\/lt\/wp-json\/wp\/v2\/product"}],"about":[{"href":"https:\/\/linoexpress.com\/lt\/wp-json\/wp\/v2\/types\/product"}],"replies":[{"embeddable":true,"href":"https:\/\/linoexpress.com\/lt\/wp-json\/wp\/v2\/comments?post=11511"}],"wp:featuredmedia":[{"embeddable":true,"href":"https:\/\/linoexpress.com\/lt\/wp-json\/wp\/v2\/media\/11514"}],"wp:attachment":[{"href":"https:\/\/linoexpress.com\/lt\/wp-json\/wp\/v2\/media?parent=11511"}],"wp:term":[{"taxonomy":"product_brand","embeddable":true,"href":"https:\/\/linoexpress.com\/lt\/wp-json\/wp\/v2\/product_brand?post=11511"},{"taxonomy":"product_cat","embeddable":true,"href":"https:\/\/linoexpress.com\/lt\/wp-json\/wp\/v2\/product_cat?post=11511"},{"taxonomy":"product_tag","embeddable":true,"href":"https:\/\/linoexpress.com\/lt\/wp-json\/wp\/v2\/product_tag?post=11511"}],"curies":[{"name":"wp","href":"https:\/\/api.w.org\/{rel}","templated":true}]}}