{"id":11604,"date":"2025-06-20T00:01:52","date_gmt":"2025-06-19T22:01:52","guid":{"rendered":"https:\/\/linoexpress.com\/lt\/?post_type=product&#038;p=11604"},"modified":"2025-06-20T02:16:44","modified_gmt":"2025-06-20T00:16:44","slug":"turbo-oro-pustuvas","status":"publish","type":"product","link":"https:\/\/linoexpress.com\/lt\/proizvod\/turbo-oro-pustuvas\/","title":{"rendered":"Turbo oro p\u016bstuvas"},"content":{"rendered":"","protected":false},"excerpt":{"rendered":"<p>Belaidis turbo p\u016bstuvas yra galingas ir daugiafunkcis \u012frankis valymui, d\u017eiovinimui ir prip\u016btimui. Puikiai tinka automobiliui, elektronikai, namams ir lauko naudojimui. Kompakti\u0161kas, bet itin galingas \u2013 daro kasdienius darbus greitesnius ir lengvesnius.<\/p>\n","protected":false},"featured_media":11616,"comment_status":"closed","ping_status":"closed","template":"","meta":{"inline_featured_image":false},"product_brand":[],"product_cat":[27,15],"product_tag":[],"class_list":{"0":"post-11604","1":"product","2":"type-product","3":"status-publish","4":"has-post-thumbnail","6":"product_cat-home","7":"product_cat-uncategorized","9":"first","10":"instock","11":"sale","12":"taxable","13":"shipping-taxable","14":"purchasable","15":"product-type-simple"},"acf":[],"_links":{"self":[{"href":"https:\/\/linoexpress.com\/lt\/wp-json\/wp\/v2\/product\/11604","targetHints":{"allow":["GET"]}}],"collection":[{"href":"https:\/\/linoexpress.com\/lt\/wp-json\/wp\/v2\/product"}],"about":[{"href":"https:\/\/linoexpress.com\/lt\/wp-json\/wp\/v2\/types\/product"}],"replies":[{"embeddable":true,"href":"https:\/\/linoexpress.com\/lt\/wp-json\/wp\/v2\/comments?post=11604"}],"wp:featuredmedia":[{"embeddable":true,"href":"https:\/\/linoexpress.com\/lt\/wp-json\/wp\/v2\/media\/11616"}],"wp:attachment":[{"href":"https:\/\/linoexpress.com\/lt\/wp-json\/wp\/v2\/media?parent=11604"}],"wp:term":[{"taxonomy":"product_brand","embeddable":true,"href":"https:\/\/linoexpress.com\/lt\/wp-json\/wp\/v2\/product_brand?post=11604"},{"taxonomy":"product_cat","embeddable":true,"href":"https:\/\/linoexpress.com\/lt\/wp-json\/wp\/v2\/product_cat?post=11604"},{"taxonomy":"product_tag","embeddable":true,"href":"https:\/\/linoexpress.com\/lt\/wp-json\/wp\/v2\/product_tag?post=11604"}],"curies":[{"name":"wp","href":"https:\/\/api.w.org\/{rel}","templated":true}]}}