{"id":11624,"date":"2025-06-25T01:04:53","date_gmt":"2025-06-24T23:04:53","guid":{"rendered":"https:\/\/linoexpress.com\/lt\/?post_type=product&#038;p=11624"},"modified":"2025-06-25T19:06:13","modified_gmt":"2025-06-25T17:06:13","slug":"akrilinis-sieninis-veidrodis","status":"publish","type":"product","link":"https:\/\/linoexpress.com\/lt\/proizvod\/akrilinis-sieninis-veidrodis\/","title":{"rendered":"Akrilinis sieninis veidrodis"},"content":{"rendered":"","protected":false},"excerpt":{"rendered":"<p data-start=\"257\" data-end=\"504\">Saugus, prakti\u0161kas ir itin patvarus \u2013 akrilinis veidrodis yra puikus pasirinkimas kiekvieniems namams. Jis neskyla kaip stiklas ir lengvai montuojamas be \u012franki\u0173. Idealiai tinka vizualiai padidinti erdv\u0119 ir kasdieniam naudojimui.<\/p>\n<p data-start=\"506\" data-end=\"564\">\n","protected":false},"featured_media":11631,"comment_status":"closed","ping_status":"closed","template":"","meta":{"inline_featured_image":false},"product_brand":[],"product_cat":[27,15],"product_tag":[],"class_list":{"0":"post-11624","1":"product","2":"type-product","3":"status-publish","4":"has-post-thumbnail","6":"product_cat-home","7":"product_cat-uncategorized","9":"first","10":"instock","11":"sale","12":"taxable","13":"shipping-taxable","14":"purchasable","15":"product-type-simple"},"acf":[],"_links":{"self":[{"href":"https:\/\/linoexpress.com\/lt\/wp-json\/wp\/v2\/product\/11624","targetHints":{"allow":["GET"]}}],"collection":[{"href":"https:\/\/linoexpress.com\/lt\/wp-json\/wp\/v2\/product"}],"about":[{"href":"https:\/\/linoexpress.com\/lt\/wp-json\/wp\/v2\/types\/product"}],"replies":[{"embeddable":true,"href":"https:\/\/linoexpress.com\/lt\/wp-json\/wp\/v2\/comments?post=11624"}],"wp:featuredmedia":[{"embeddable":true,"href":"https:\/\/linoexpress.com\/lt\/wp-json\/wp\/v2\/media\/11631"}],"wp:attachment":[{"href":"https:\/\/linoexpress.com\/lt\/wp-json\/wp\/v2\/media?parent=11624"}],"wp:term":[{"taxonomy":"product_brand","embeddable":true,"href":"https:\/\/linoexpress.com\/lt\/wp-json\/wp\/v2\/product_brand?post=11624"},{"taxonomy":"product_cat","embeddable":true,"href":"https:\/\/linoexpress.com\/lt\/wp-json\/wp\/v2\/product_cat?post=11624"},{"taxonomy":"product_tag","embeddable":true,"href":"https:\/\/linoexpress.com\/lt\/wp-json\/wp\/v2\/product_tag?post=11624"}],"curies":[{"name":"wp","href":"https:\/\/api.w.org\/{rel}","templated":true}]}}