{"id":11646,"date":"2025-06-25T19:30:08","date_gmt":"2025-06-25T17:30:08","guid":{"rendered":"https:\/\/linoexpress.com\/lt\/?post_type=product&#038;p=11646"},"modified":"2025-06-26T11:28:42","modified_gmt":"2025-06-26T09:28:42","slug":"prabangi-garazas-kolekcionuojamiems-automobiliu-modeliams","status":"publish","type":"product","link":"https:\/\/linoexpress.com\/lt\/proizvod\/prabangi-garazas-kolekcionuojamiems-automobiliu-modeliams\/","title":{"rendered":"Prabangi gara\u017eas kolekcionuojamiems automobili\u0173 modeliams"},"content":{"rendered":"","protected":false},"excerpt":{"rendered":"<p data-start=\"5132\" data-end=\"5490\">\u0160i prabangi mini gara\u017eas kamera yra puikus sprendimas j\u016bs\u0173 kolekcin\u0117ms automobili\u0173 modeliui eksponuoti. Su stilingu LED ap\u0161vietimu ir moderniu dizainu ji suteikia eleganti\u0161k\u0105 viet\u0105 vienam modeliui. Galite u\u017esisakyti kelias gara\u017eas ir taip susikurti didesn\u0119 kolekcij\u0105. Pagaminta i\u0161 auk\u0161tos kokyb\u0117s med\u017eiag\u0173, u\u017etikrina ilgaam\u017ei\u0161kum\u0105 ir j\u016bs\u0173 kolekcijos saugum\u0105.<\/p>\n","protected":false},"featured_media":11652,"comment_status":"closed","ping_status":"closed","template":"","meta":{"inline_featured_image":false},"product_brand":[],"product_cat":[27,15],"product_tag":[],"class_list":{"0":"post-11646","1":"product","2":"type-product","3":"status-publish","4":"has-post-thumbnail","6":"product_cat-home","7":"product_cat-uncategorized","9":"first","10":"instock","11":"sale","12":"taxable","13":"shipping-taxable","14":"purchasable","15":"product-type-simple"},"acf":[],"_links":{"self":[{"href":"https:\/\/linoexpress.com\/lt\/wp-json\/wp\/v2\/product\/11646","targetHints":{"allow":["GET"]}}],"collection":[{"href":"https:\/\/linoexpress.com\/lt\/wp-json\/wp\/v2\/product"}],"about":[{"href":"https:\/\/linoexpress.com\/lt\/wp-json\/wp\/v2\/types\/product"}],"replies":[{"embeddable":true,"href":"https:\/\/linoexpress.com\/lt\/wp-json\/wp\/v2\/comments?post=11646"}],"wp:featuredmedia":[{"embeddable":true,"href":"https:\/\/linoexpress.com\/lt\/wp-json\/wp\/v2\/media\/11652"}],"wp:attachment":[{"href":"https:\/\/linoexpress.com\/lt\/wp-json\/wp\/v2\/media?parent=11646"}],"wp:term":[{"taxonomy":"product_brand","embeddable":true,"href":"https:\/\/linoexpress.com\/lt\/wp-json\/wp\/v2\/product_brand?post=11646"},{"taxonomy":"product_cat","embeddable":true,"href":"https:\/\/linoexpress.com\/lt\/wp-json\/wp\/v2\/product_cat?post=11646"},{"taxonomy":"product_tag","embeddable":true,"href":"https:\/\/linoexpress.com\/lt\/wp-json\/wp\/v2\/product_tag?post=11646"}],"curies":[{"name":"wp","href":"https:\/\/api.w.org\/{rel}","templated":true}]}}