{"id":11665,"date":"2025-06-26T01:10:29","date_gmt":"2025-06-25T23:10:29","guid":{"rendered":"https:\/\/linoexpress.com\/lt\/?post_type=product&#038;p=11665"},"modified":"2025-06-26T03:42:53","modified_gmt":"2025-06-26T01:42:53","slug":"nesiojama-spa-vonia","status":"publish","type":"product","link":"https:\/\/linoexpress.com\/lt\/proizvod\/nesiojama-spa-vonia\/","title":{"rendered":"Ne\u0161iojama SPA vonia"},"content":{"rendered":"","protected":false},"excerpt":{"rendered":"<p>Ne\u0161iojama mini vonia yra idealus sprendimas atsipalaidavimui bet kurioje erdv\u0117je \u2013 namuose, kelion\u0117je ar net lauke. D\u0117l sulankstomo dizaino u\u017eima minimaliai vietos ir lengvai transportuojama. Pagaminta i\u0161 saugi\u0173, patogi\u0173 ir termoizoliacini\u0173 med\u017eiag\u0173, suteikia visi\u0161k\u0105 SPA patirt\u012f.<\/p>\n","protected":false},"featured_media":11679,"comment_status":"closed","ping_status":"closed","template":"","meta":{"inline_featured_image":false},"product_brand":[],"product_cat":[27,15],"product_tag":[],"class_list":{"0":"post-11665","1":"product","2":"type-product","3":"status-publish","4":"has-post-thumbnail","6":"product_cat-home","7":"product_cat-uncategorized","9":"first","10":"instock","11":"sale","12":"taxable","13":"shipping-taxable","14":"purchasable","15":"product-type-simple"},"acf":[],"_links":{"self":[{"href":"https:\/\/linoexpress.com\/lt\/wp-json\/wp\/v2\/product\/11665","targetHints":{"allow":["GET"]}}],"collection":[{"href":"https:\/\/linoexpress.com\/lt\/wp-json\/wp\/v2\/product"}],"about":[{"href":"https:\/\/linoexpress.com\/lt\/wp-json\/wp\/v2\/types\/product"}],"replies":[{"embeddable":true,"href":"https:\/\/linoexpress.com\/lt\/wp-json\/wp\/v2\/comments?post=11665"}],"wp:featuredmedia":[{"embeddable":true,"href":"https:\/\/linoexpress.com\/lt\/wp-json\/wp\/v2\/media\/11679"}],"wp:attachment":[{"href":"https:\/\/linoexpress.com\/lt\/wp-json\/wp\/v2\/media?parent=11665"}],"wp:term":[{"taxonomy":"product_brand","embeddable":true,"href":"https:\/\/linoexpress.com\/lt\/wp-json\/wp\/v2\/product_brand?post=11665"},{"taxonomy":"product_cat","embeddable":true,"href":"https:\/\/linoexpress.com\/lt\/wp-json\/wp\/v2\/product_cat?post=11665"},{"taxonomy":"product_tag","embeddable":true,"href":"https:\/\/linoexpress.com\/lt\/wp-json\/wp\/v2\/product_tag?post=11665"}],"curies":[{"name":"wp","href":"https:\/\/api.w.org\/{rel}","templated":true}]}}