{"id":11692,"date":"2025-06-27T15:21:09","date_gmt":"2025-06-27T13:21:09","guid":{"rendered":"https:\/\/linoexpress.com\/lt\/?post_type=product&#038;p=11692"},"modified":"2025-06-28T00:47:16","modified_gmt":"2025-06-27T22:47:16","slug":"automatine-uv-markize","status":"publish","type":"product","link":"https:\/\/linoexpress.com\/lt\/proizvod\/automatine-uv-markize\/","title":{"rendered":"Automatin\u0117 UV markiz\u0117"},"content":{"rendered":"","protected":false},"excerpt":{"rendered":"<p>Apsaugokite savo automobilio vid\u0173 nuo saul\u0117s ir kar\u0161\u010dio su automatiniu sulankstomu priekinio stiklo tentu. Greitai montuojamas ir \u012ftraukiamas vienu judesiu, nepa\u017eeid\u017eia automobilio i\u0161vaizdos ir taupo energij\u0105.<\/p>\n","protected":false},"featured_media":11702,"comment_status":"closed","ping_status":"closed","template":"","meta":{"inline_featured_image":false},"product_brand":[],"product_cat":[27,15],"product_tag":[],"class_list":{"0":"post-11692","1":"product","2":"type-product","3":"status-publish","4":"has-post-thumbnail","6":"product_cat-home","7":"product_cat-uncategorized","9":"first","10":"instock","11":"sale","12":"taxable","13":"shipping-taxable","14":"purchasable","15":"product-type-simple"},"acf":[],"_links":{"self":[{"href":"https:\/\/linoexpress.com\/lt\/wp-json\/wp\/v2\/product\/11692","targetHints":{"allow":["GET"]}}],"collection":[{"href":"https:\/\/linoexpress.com\/lt\/wp-json\/wp\/v2\/product"}],"about":[{"href":"https:\/\/linoexpress.com\/lt\/wp-json\/wp\/v2\/types\/product"}],"replies":[{"embeddable":true,"href":"https:\/\/linoexpress.com\/lt\/wp-json\/wp\/v2\/comments?post=11692"}],"wp:featuredmedia":[{"embeddable":true,"href":"https:\/\/linoexpress.com\/lt\/wp-json\/wp\/v2\/media\/11702"}],"wp:attachment":[{"href":"https:\/\/linoexpress.com\/lt\/wp-json\/wp\/v2\/media?parent=11692"}],"wp:term":[{"taxonomy":"product_brand","embeddable":true,"href":"https:\/\/linoexpress.com\/lt\/wp-json\/wp\/v2\/product_brand?post=11692"},{"taxonomy":"product_cat","embeddable":true,"href":"https:\/\/linoexpress.com\/lt\/wp-json\/wp\/v2\/product_cat?post=11692"},{"taxonomy":"product_tag","embeddable":true,"href":"https:\/\/linoexpress.com\/lt\/wp-json\/wp\/v2\/product_tag?post=11692"}],"curies":[{"name":"wp","href":"https:\/\/api.w.org\/{rel}","templated":true}]}}