{"id":11750,"date":"2025-07-24T21:19:08","date_gmt":"2025-07-24T19:19:08","guid":{"rendered":"https:\/\/linoexpress.com\/lt\/?post_type=product&#038;p=11750"},"modified":"2025-07-25T00:02:02","modified_gmt":"2025-07-24T22:02:02","slug":"rotacinis-krepsys-griliui","status":"publish","type":"product","link":"https:\/\/linoexpress.com\/lt\/proizvod\/rotacinis-krepsys-griliui\/","title":{"rendered":"Rotacinis krep\u0161ys griliui"},"content":{"rendered":"","protected":false},"excerpt":{"rendered":"<p>Prakti\u0161kas ir novatori\u0161kas kepimo krep\u0161elis, kuris tolygiai sukasi maist\u0105, suteikdamas tobul\u0105 skon\u012f. Idealiai tinka dar\u017eov\u0117ms, m\u0117sai ir rie\u0161utams. Taupo laik\u0105, viet\u0105 ir leid\u017eia visi\u0161kai m\u0117gautis grilio malonumais.<\/p>\n","protected":false},"featured_media":11764,"comment_status":"closed","ping_status":"closed","template":"","meta":{"inline_featured_image":false},"product_brand":[],"product_cat":[27,15],"product_tag":[],"class_list":{"0":"post-11750","1":"product","2":"type-product","3":"status-publish","4":"has-post-thumbnail","6":"product_cat-home","7":"product_cat-uncategorized","9":"first","10":"instock","11":"sale","12":"taxable","13":"shipping-taxable","14":"purchasable","15":"product-type-simple"},"acf":[],"_links":{"self":[{"href":"https:\/\/linoexpress.com\/lt\/wp-json\/wp\/v2\/product\/11750","targetHints":{"allow":["GET"]}}],"collection":[{"href":"https:\/\/linoexpress.com\/lt\/wp-json\/wp\/v2\/product"}],"about":[{"href":"https:\/\/linoexpress.com\/lt\/wp-json\/wp\/v2\/types\/product"}],"replies":[{"embeddable":true,"href":"https:\/\/linoexpress.com\/lt\/wp-json\/wp\/v2\/comments?post=11750"}],"wp:featuredmedia":[{"embeddable":true,"href":"https:\/\/linoexpress.com\/lt\/wp-json\/wp\/v2\/media\/11764"}],"wp:attachment":[{"href":"https:\/\/linoexpress.com\/lt\/wp-json\/wp\/v2\/media?parent=11750"}],"wp:term":[{"taxonomy":"product_brand","embeddable":true,"href":"https:\/\/linoexpress.com\/lt\/wp-json\/wp\/v2\/product_brand?post=11750"},{"taxonomy":"product_cat","embeddable":true,"href":"https:\/\/linoexpress.com\/lt\/wp-json\/wp\/v2\/product_cat?post=11750"},{"taxonomy":"product_tag","embeddable":true,"href":"https:\/\/linoexpress.com\/lt\/wp-json\/wp\/v2\/product_tag?post=11750"}],"curies":[{"name":"wp","href":"https:\/\/api.w.org\/{rel}","templated":true}]}}