{"id":11864,"date":"2025-10-17T09:52:53","date_gmt":"2025-10-17T07:52:53","guid":{"rendered":"https:\/\/linoexpress.com\/lt\/?post_type=product&#038;p=11864"},"modified":"2025-11-19T09:12:48","modified_gmt":"2025-11-19T08:12:48","slug":"garsine-knyga-anglu-kalbos-mokymuisi","status":"publish","type":"product","link":"https:\/\/linoexpress.com\/lt\/proizvod\/garsine-knyga-anglu-kalbos-mokymuisi\/","title":{"rendered":"Garsin\u0117 knyga angl\u0173 kalbos mokymuisi"},"content":{"rendered":"","protected":false},"excerpt":{"rendered":"<p>Interaktyvi knyga su garsu padeda vaikams i\u0161mokti daugiau nei 470 angl\u0173 kalbos \u017eod\u017ei\u0173 per 21 tem\u0105, viktorinas ir daineles. Idealiai tinka nam\u0173 naudojimui, dar\u017eeliui, mokyklai arba kaip edukacin\u0117 dovana. Knyga sujungia mokym\u0105si su pramoga, skatindama vaikus savaranki\u0161kai tyrin\u0117ti ir kalb\u0117ti.<\/p>\n","protected":false},"featured_media":11868,"comment_status":"closed","ping_status":"closed","template":"","meta":{"inline_featured_image":false},"product_brand":[],"product_cat":[35,27,15],"product_tag":[],"class_list":{"0":"post-11864","1":"product","2":"type-product","3":"status-publish","4":"has-post-thumbnail","6":"product_cat-fun","7":"product_cat-home","8":"product_cat-uncategorized","10":"first","11":"instock","12":"sale","13":"taxable","14":"shipping-taxable","15":"purchasable","16":"product-type-simple"},"acf":[],"_links":{"self":[{"href":"https:\/\/linoexpress.com\/lt\/wp-json\/wp\/v2\/product\/11864","targetHints":{"allow":["GET"]}}],"collection":[{"href":"https:\/\/linoexpress.com\/lt\/wp-json\/wp\/v2\/product"}],"about":[{"href":"https:\/\/linoexpress.com\/lt\/wp-json\/wp\/v2\/types\/product"}],"replies":[{"embeddable":true,"href":"https:\/\/linoexpress.com\/lt\/wp-json\/wp\/v2\/comments?post=11864"}],"wp:featuredmedia":[{"embeddable":true,"href":"https:\/\/linoexpress.com\/lt\/wp-json\/wp\/v2\/media\/11868"}],"wp:attachment":[{"href":"https:\/\/linoexpress.com\/lt\/wp-json\/wp\/v2\/media?parent=11864"}],"wp:term":[{"taxonomy":"product_brand","embeddable":true,"href":"https:\/\/linoexpress.com\/lt\/wp-json\/wp\/v2\/product_brand?post=11864"},{"taxonomy":"product_cat","embeddable":true,"href":"https:\/\/linoexpress.com\/lt\/wp-json\/wp\/v2\/product_cat?post=11864"},{"taxonomy":"product_tag","embeddable":true,"href":"https:\/\/linoexpress.com\/lt\/wp-json\/wp\/v2\/product_tag?post=11864"}],"curies":[{"name":"wp","href":"https:\/\/api.w.org\/{rel}","templated":true}]}}