{"id":11880,"date":"2025-10-17T16:25:12","date_gmt":"2025-10-17T14:25:12","guid":{"rendered":"https:\/\/linoexpress.com\/lt\/?post_type=product&#038;p=11880"},"modified":"2026-03-11T01:10:24","modified_gmt":"2026-03-11T00:10:24","slug":"emocine-pliusine-zaislas-kuschelkoala","status":"publish","type":"product","link":"https:\/\/linoexpress.com\/lt\/proizvod\/emocine-pliusine-zaislas-kuschelkoala\/","title":{"rendered":"Emocin\u0117 pliu\u0161in\u0117 \u017eaislas &#8211; KuschelKoala"},"content":{"rendered":"","protected":false},"excerpt":{"rendered":"<p>KuschelKoala yra daugiau nei paprastas pliu\u0161inis \u017eaislas \u2013 tai ma\u017eas emocinis draugas. Jos mink\u0161ta ir maloni tekst\u016bra suteikia saugumo jausm\u0105, ramina stres\u0105 ir vienatv\u0119 bei skatina laim\u0117s hormono \u2013 oksitocino \u2013 i\u0161siskyrim\u0105. Idealiai tinka vaikams ir suaugusiems, namuose, keliaujant arba kaip nuolinis paguodos \u0161altinis.<\/p>\n","protected":false},"featured_media":11882,"comment_status":"closed","ping_status":"closed","template":"","meta":{"inline_featured_image":false},"product_brand":[],"product_cat":[28,35,27,15],"product_tag":[],"class_list":{"0":"post-11880","1":"product","2":"type-product","3":"status-publish","4":"has-post-thumbnail","6":"product_cat-beauty","7":"product_cat-fun","8":"product_cat-home","9":"product_cat-uncategorized","11":"first","12":"instock","13":"sale","14":"taxable","15":"shipping-taxable","16":"purchasable","17":"product-type-simple"},"acf":[],"_links":{"self":[{"href":"https:\/\/linoexpress.com\/lt\/wp-json\/wp\/v2\/product\/11880","targetHints":{"allow":["GET"]}}],"collection":[{"href":"https:\/\/linoexpress.com\/lt\/wp-json\/wp\/v2\/product"}],"about":[{"href":"https:\/\/linoexpress.com\/lt\/wp-json\/wp\/v2\/types\/product"}],"replies":[{"embeddable":true,"href":"https:\/\/linoexpress.com\/lt\/wp-json\/wp\/v2\/comments?post=11880"}],"wp:featuredmedia":[{"embeddable":true,"href":"https:\/\/linoexpress.com\/lt\/wp-json\/wp\/v2\/media\/11882"}],"wp:attachment":[{"href":"https:\/\/linoexpress.com\/lt\/wp-json\/wp\/v2\/media?parent=11880"}],"wp:term":[{"taxonomy":"product_brand","embeddable":true,"href":"https:\/\/linoexpress.com\/lt\/wp-json\/wp\/v2\/product_brand?post=11880"},{"taxonomy":"product_cat","embeddable":true,"href":"https:\/\/linoexpress.com\/lt\/wp-json\/wp\/v2\/product_cat?post=11880"},{"taxonomy":"product_tag","embeddable":true,"href":"https:\/\/linoexpress.com\/lt\/wp-json\/wp\/v2\/product_tag?post=11880"}],"curies":[{"name":"wp","href":"https:\/\/api.w.org\/{rel}","templated":true}]}}