{"id":11901,"date":"2025-10-20T23:40:43","date_gmt":"2025-10-20T21:40:43","guid":{"rendered":"https:\/\/linoexpress.com\/lt\/?post_type=product&#038;p=11901"},"modified":"2026-02-11T10:47:07","modified_gmt":"2026-02-11T09:47:07","slug":"prisitraukimu-pagalbos-juosta-fitband-pro","status":"publish","type":"product","link":"https:\/\/linoexpress.com\/lt\/proizvod\/prisitraukimu-pagalbos-juosta-fitband-pro\/","title":{"rendered":"Prisitraukim\u0173 pagalbos juosta \u2013 FitBand Pro"},"content":{"rendered":"","protected":false},"excerpt":{"rendered":"<p>Pagerinkite savo nam\u0173 treniruotes su prisitraukim\u0173 juosta, kuri suteikia stabilum\u0105, saugum\u0105 ir efektyvum\u0105 kiekviename judesyje. Be spotterio ir be nereikalingos apkrovos \u2013 tik j\u016bs, j\u016bs\u0173 j\u0117ga ir i\u0161manus treniruo\u010di\u0173 \u012frankis. Puikiai tinka tiek pradedantiesiems, tiek pa\u017eengusiems sportininkams, norintiems sustiprinti vir\u0161utin\u0119 k\u016bno dal\u012f ir patobulinti prisitraukim\u0173 technik\u0105.<\/p>\n","protected":false},"featured_media":11905,"comment_status":"closed","ping_status":"closed","template":"","meta":{"inline_featured_image":false},"product_brand":[],"product_cat":[28,27,26,15],"product_tag":[],"class_list":{"0":"post-11901","1":"product","2":"type-product","3":"status-publish","4":"has-post-thumbnail","6":"product_cat-beauty","7":"product_cat-home","8":"product_cat-health","9":"product_cat-uncategorized","11":"first","12":"instock","13":"sale","14":"taxable","15":"shipping-taxable","16":"purchasable","17":"product-type-simple"},"acf":[],"_links":{"self":[{"href":"https:\/\/linoexpress.com\/lt\/wp-json\/wp\/v2\/product\/11901","targetHints":{"allow":["GET"]}}],"collection":[{"href":"https:\/\/linoexpress.com\/lt\/wp-json\/wp\/v2\/product"}],"about":[{"href":"https:\/\/linoexpress.com\/lt\/wp-json\/wp\/v2\/types\/product"}],"replies":[{"embeddable":true,"href":"https:\/\/linoexpress.com\/lt\/wp-json\/wp\/v2\/comments?post=11901"}],"wp:featuredmedia":[{"embeddable":true,"href":"https:\/\/linoexpress.com\/lt\/wp-json\/wp\/v2\/media\/11905"}],"wp:attachment":[{"href":"https:\/\/linoexpress.com\/lt\/wp-json\/wp\/v2\/media?parent=11901"}],"wp:term":[{"taxonomy":"product_brand","embeddable":true,"href":"https:\/\/linoexpress.com\/lt\/wp-json\/wp\/v2\/product_brand?post=11901"},{"taxonomy":"product_cat","embeddable":true,"href":"https:\/\/linoexpress.com\/lt\/wp-json\/wp\/v2\/product_cat?post=11901"},{"taxonomy":"product_tag","embeddable":true,"href":"https:\/\/linoexpress.com\/lt\/wp-json\/wp\/v2\/product_tag?post=11901"}],"curies":[{"name":"wp","href":"https:\/\/api.w.org\/{rel}","templated":true}]}}