{"id":11921,"date":"2025-10-22T23:27:59","date_gmt":"2025-10-22T21:27:59","guid":{"rendered":"https:\/\/linoexpress.com\/lt\/?post_type=product&#038;p=11921"},"modified":"2025-11-19T09:46:29","modified_gmt":"2025-11-19T08:46:29","slug":"bokso-rinkinys-vaikams","status":"publish","type":"product","link":"https:\/\/linoexpress.com\/lt\/proizvod\/bokso-rinkinys-vaikams\/","title":{"rendered":"Bokso rinkinys vaikams"},"content":{"rendered":"","protected":false},"excerpt":{"rendered":"<p>Linksmas ir saugus b\u016bdas vaikams i\u0161naudoti perteklin\u0119 energij\u0105, lavinti fizin\u0119 form\u0105 ir koordinacij\u0105! \u0160is rinkinys skatina meil\u0119 sportui, padeda formuoti sveikus \u012fpro\u010dius ir ma\u017einti stres\u0105 vaikams. Kokybi\u0161ka ir saugi gamyba garantuoja ilgalaik\u012f ir saug\u0173 naudojim\u0105.<\/p>\n","protected":false},"featured_media":11927,"comment_status":"closed","ping_status":"closed","template":"","meta":{"inline_featured_image":false},"product_brand":[],"product_cat":[28,27,15],"product_tag":[],"class_list":{"0":"post-11921","1":"product","2":"type-product","3":"status-publish","4":"has-post-thumbnail","6":"product_cat-beauty","7":"product_cat-home","8":"product_cat-uncategorized","10":"first","11":"instock","12":"sale","13":"taxable","14":"shipping-taxable","15":"purchasable","16":"product-type-simple"},"acf":[],"_links":{"self":[{"href":"https:\/\/linoexpress.com\/lt\/wp-json\/wp\/v2\/product\/11921","targetHints":{"allow":["GET"]}}],"collection":[{"href":"https:\/\/linoexpress.com\/lt\/wp-json\/wp\/v2\/product"}],"about":[{"href":"https:\/\/linoexpress.com\/lt\/wp-json\/wp\/v2\/types\/product"}],"replies":[{"embeddable":true,"href":"https:\/\/linoexpress.com\/lt\/wp-json\/wp\/v2\/comments?post=11921"}],"wp:featuredmedia":[{"embeddable":true,"href":"https:\/\/linoexpress.com\/lt\/wp-json\/wp\/v2\/media\/11927"}],"wp:attachment":[{"href":"https:\/\/linoexpress.com\/lt\/wp-json\/wp\/v2\/media?parent=11921"}],"wp:term":[{"taxonomy":"product_brand","embeddable":true,"href":"https:\/\/linoexpress.com\/lt\/wp-json\/wp\/v2\/product_brand?post=11921"},{"taxonomy":"product_cat","embeddable":true,"href":"https:\/\/linoexpress.com\/lt\/wp-json\/wp\/v2\/product_cat?post=11921"},{"taxonomy":"product_tag","embeddable":true,"href":"https:\/\/linoexpress.com\/lt\/wp-json\/wp\/v2\/product_tag?post=11921"}],"curies":[{"name":"wp","href":"https:\/\/api.w.org\/{rel}","templated":true}]}}