{"id":11954,"date":"2025-11-04T11:13:49","date_gmt":"2025-11-04T10:13:49","guid":{"rendered":"https:\/\/linoexpress.com\/lt\/?post_type=product&#038;p=11954"},"modified":"2025-11-19T09:46:20","modified_gmt":"2025-11-19T08:46:20","slug":"pliusinis-robotas-suniukas","status":"publish","type":"product","link":"https:\/\/linoexpress.com\/lt\/proizvod\/pliusinis-robotas-suniukas\/","title":{"rendered":"Pliu\u0161inis robotas \u0161uniukas"},"content":{"rendered":"","protected":false},"excerpt":{"rendered":"<p>\u0160is mielas pliu\u0161inis robotas \u0161uniukas suteikia d\u017eiaugsmo, \u0161ilumos ir \u0161ypsen\u0173 kiekvienam vaikui.<br data-start=\"345\" data-end=\"348\" \/>Tai puikus draugas \u017eaidimui, glostymui ir ramiai nak\u010diai \u2013 tarsi tikras augintinis.<br data-start=\"431\" data-end=\"434\" \/>Pagamintas i\u0161 mink\u0161tos ir saugios med\u017eiagos, su interaktyviomis funkcijomis, kurios praturtina \u017eaidim\u0105 ir kuria nepamir\u0161tamas akimirkas.<\/p>\n","protected":false},"featured_media":11959,"comment_status":"closed","ping_status":"closed","template":"","meta":{"inline_featured_image":false},"product_brand":[],"product_cat":[28,27,15],"product_tag":[],"class_list":{"0":"post-11954","1":"product","2":"type-product","3":"status-publish","4":"has-post-thumbnail","6":"product_cat-beauty","7":"product_cat-home","8":"product_cat-uncategorized","10":"first","11":"instock","12":"sale","13":"taxable","14":"shipping-taxable","15":"purchasable","16":"product-type-simple"},"acf":[],"_links":{"self":[{"href":"https:\/\/linoexpress.com\/lt\/wp-json\/wp\/v2\/product\/11954","targetHints":{"allow":["GET"]}}],"collection":[{"href":"https:\/\/linoexpress.com\/lt\/wp-json\/wp\/v2\/product"}],"about":[{"href":"https:\/\/linoexpress.com\/lt\/wp-json\/wp\/v2\/types\/product"}],"replies":[{"embeddable":true,"href":"https:\/\/linoexpress.com\/lt\/wp-json\/wp\/v2\/comments?post=11954"}],"wp:featuredmedia":[{"embeddable":true,"href":"https:\/\/linoexpress.com\/lt\/wp-json\/wp\/v2\/media\/11959"}],"wp:attachment":[{"href":"https:\/\/linoexpress.com\/lt\/wp-json\/wp\/v2\/media?parent=11954"}],"wp:term":[{"taxonomy":"product_brand","embeddable":true,"href":"https:\/\/linoexpress.com\/lt\/wp-json\/wp\/v2\/product_brand?post=11954"},{"taxonomy":"product_cat","embeddable":true,"href":"https:\/\/linoexpress.com\/lt\/wp-json\/wp\/v2\/product_cat?post=11954"},{"taxonomy":"product_tag","embeddable":true,"href":"https:\/\/linoexpress.com\/lt\/wp-json\/wp\/v2\/product_tag?post=11954"}],"curies":[{"name":"wp","href":"https:\/\/api.w.org\/{rel}","templated":true}]}}