{"id":11973,"date":"2025-11-05T20:04:08","date_gmt":"2025-11-05T19:04:08","guid":{"rendered":"https:\/\/linoexpress.com\/lt\/proizvod\/tracne-product\/"},"modified":"2025-12-12T13:56:24","modified_gmt":"2025-12-12T12:56:24","slug":"nesiojamas-kaklo-tempiklis","status":"publish","type":"product","link":"https:\/\/linoexpress.com\/lt\/proizvod\/nesiojamas-kaklo-tempiklis\/","title":{"rendered":"Ne\u0161iojamas kaklo tempiklis"},"content":{"rendered":"","protected":false},"excerpt":{"rendered":"<p>Atsisveikinkite su kaklo sustingimu ir \u012ftampa naudodami \u0161\u012f ne\u0161iojam\u0105 kaklo tempikl\u012f, kur\u012f galite naudoti bet kada ir bet kur. Jis idealiai tinka atsigauti po ilgo darbo prie kompiuterio, fizin\u0117s veiklos ar sunkios dienos. Suteikia profesional\u0173 kaklo ir pe\u010di\u0173 raumen\u0173 tempim\u0105 ir palengv\u0117jim\u0105 \u2013 visa tai j\u016bs\u0173 nam\u0173 patogume.<\/p>\n","protected":false},"featured_media":11974,"comment_status":"closed","ping_status":"closed","template":"","meta":{"inline_featured_image":false},"product_brand":[],"product_cat":[28,35,26,15],"product_tag":[],"class_list":{"0":"post-11973","1":"product","2":"type-product","3":"status-publish","4":"has-post-thumbnail","6":"product_cat-beauty","7":"product_cat-fun","8":"product_cat-health","9":"product_cat-uncategorized","11":"first","12":"instock","13":"sale","14":"taxable","15":"shipping-taxable","16":"purchasable","17":"product-type-simple"},"acf":[],"_links":{"self":[{"href":"https:\/\/linoexpress.com\/lt\/wp-json\/wp\/v2\/product\/11973","targetHints":{"allow":["GET"]}}],"collection":[{"href":"https:\/\/linoexpress.com\/lt\/wp-json\/wp\/v2\/product"}],"about":[{"href":"https:\/\/linoexpress.com\/lt\/wp-json\/wp\/v2\/types\/product"}],"replies":[{"embeddable":true,"href":"https:\/\/linoexpress.com\/lt\/wp-json\/wp\/v2\/comments?post=11973"}],"wp:featuredmedia":[{"embeddable":true,"href":"https:\/\/linoexpress.com\/lt\/wp-json\/wp\/v2\/media\/11974"}],"wp:attachment":[{"href":"https:\/\/linoexpress.com\/lt\/wp-json\/wp\/v2\/media?parent=11973"}],"wp:term":[{"taxonomy":"product_brand","embeddable":true,"href":"https:\/\/linoexpress.com\/lt\/wp-json\/wp\/v2\/product_brand?post=11973"},{"taxonomy":"product_cat","embeddable":true,"href":"https:\/\/linoexpress.com\/lt\/wp-json\/wp\/v2\/product_cat?post=11973"},{"taxonomy":"product_tag","embeddable":true,"href":"https:\/\/linoexpress.com\/lt\/wp-json\/wp\/v2\/product_tag?post=11973"}],"curies":[{"name":"wp","href":"https:\/\/api.w.org\/{rel}","templated":true}]}}