{"id":11988,"date":"2025-11-06T02:01:10","date_gmt":"2025-11-06T01:01:10","guid":{"rendered":"https:\/\/linoexpress.com\/lt\/proizvod\/pandy-product\/"},"modified":"2026-03-11T01:09:33","modified_gmt":"2026-03-11T00:09:33","slug":"mielas-panda-terapinis-pliusinis-zaislas","status":"publish","type":"product","link":"https:\/\/linoexpress.com\/lt\/proizvod\/mielas-panda-terapinis-pliusinis-zaislas\/","title":{"rendered":"Mielas panda terapinis pliu\u0161inis \u017eaislas"},"content":{"rendered":"","protected":false},"excerpt":{"rendered":"<p>Mielas panda terapinis pliu\u0161inis \u017eaislas sukurtas suteikti paguod\u0105, saugum\u0105 ir ramyb\u0119 kiekvienam, kuriam reikia \u0161velnumo akimirkos.<br \/>\nD\u0117l ypatingo dizaino su \u0161velniais judesiais ir maloniu svoriu, \u0161i pandut\u0117 imituoja tikro apkabinimo jausm\u0105 ir skatina gil\u0173 k\u016bno ir proto atsipalaidavim\u0105.<\/p>\n","protected":false},"featured_media":11989,"comment_status":"closed","ping_status":"closed","template":"","meta":{"inline_featured_image":false},"product_brand":[],"product_cat":[28,27,15],"product_tag":[],"class_list":{"0":"post-11988","1":"product","2":"type-product","3":"status-publish","4":"has-post-thumbnail","6":"product_cat-beauty","7":"product_cat-home","8":"product_cat-uncategorized","10":"first","11":"instock","12":"sale","13":"taxable","14":"shipping-taxable","15":"purchasable","16":"product-type-simple"},"acf":[],"_links":{"self":[{"href":"https:\/\/linoexpress.com\/lt\/wp-json\/wp\/v2\/product\/11988","targetHints":{"allow":["GET"]}}],"collection":[{"href":"https:\/\/linoexpress.com\/lt\/wp-json\/wp\/v2\/product"}],"about":[{"href":"https:\/\/linoexpress.com\/lt\/wp-json\/wp\/v2\/types\/product"}],"replies":[{"embeddable":true,"href":"https:\/\/linoexpress.com\/lt\/wp-json\/wp\/v2\/comments?post=11988"}],"wp:featuredmedia":[{"embeddable":true,"href":"https:\/\/linoexpress.com\/lt\/wp-json\/wp\/v2\/media\/11989"}],"wp:attachment":[{"href":"https:\/\/linoexpress.com\/lt\/wp-json\/wp\/v2\/media?parent=11988"}],"wp:term":[{"taxonomy":"product_brand","embeddable":true,"href":"https:\/\/linoexpress.com\/lt\/wp-json\/wp\/v2\/product_brand?post=11988"},{"taxonomy":"product_cat","embeddable":true,"href":"https:\/\/linoexpress.com\/lt\/wp-json\/wp\/v2\/product_cat?post=11988"},{"taxonomy":"product_tag","embeddable":true,"href":"https:\/\/linoexpress.com\/lt\/wp-json\/wp\/v2\/product_tag?post=11988"}],"curies":[{"name":"wp","href":"https:\/\/api.w.org\/{rel}","templated":true}]}}