{"id":12001,"date":"2025-11-06T18:15:36","date_gmt":"2025-11-06T17:15:36","guid":{"rendered":"https:\/\/linoexpress.com\/lt\/proizvod\/musictrvo-product\/"},"modified":"2025-11-19T09:46:12","modified_gmt":"2025-11-19T08:46:12","slug":"muzikine-dezute-kaledinis-traukinys","status":"publish","type":"product","link":"https:\/\/linoexpress.com\/lt\/proizvod\/muzikine-dezute-kaledinis-traukinys\/","title":{"rendered":"Muzikin\u0117 d\u0117\u017eut\u0117 Kal\u0117dinis traukinys"},"content":{"rendered":"","protected":false},"excerpt":{"rendered":"<p>Retro traukinio dizainas su nuostabiais kal\u0117diniais motyvais ir \u0161ventine muzika sukuria \u0161ilt\u0105, pasaki\u0161k\u0105 atmosfer\u0105 kiekvienuose namuose. \u0160i eleganti\u0161ka dekoracija su Kal\u0117d\u0173 Seneliu, dovanomis ir sniego rutulio efektu yra puikus pasirinkimas \u0161ventiniam stalui, \u017eidiniui ar lentynai.<\/p>\n","protected":false},"featured_media":12002,"comment_status":"closed","ping_status":"closed","template":"","meta":{"inline_featured_image":false},"product_brand":[],"product_cat":[28,35,15],"product_tag":[],"class_list":{"0":"post-12001","1":"product","2":"type-product","3":"status-publish","4":"has-post-thumbnail","6":"product_cat-beauty","7":"product_cat-fun","8":"product_cat-uncategorized","10":"first","11":"instock","12":"sale","13":"taxable","14":"shipping-taxable","15":"purchasable","16":"product-type-simple"},"acf":[],"_links":{"self":[{"href":"https:\/\/linoexpress.com\/lt\/wp-json\/wp\/v2\/product\/12001","targetHints":{"allow":["GET"]}}],"collection":[{"href":"https:\/\/linoexpress.com\/lt\/wp-json\/wp\/v2\/product"}],"about":[{"href":"https:\/\/linoexpress.com\/lt\/wp-json\/wp\/v2\/types\/product"}],"replies":[{"embeddable":true,"href":"https:\/\/linoexpress.com\/lt\/wp-json\/wp\/v2\/comments?post=12001"}],"wp:featuredmedia":[{"embeddable":true,"href":"https:\/\/linoexpress.com\/lt\/wp-json\/wp\/v2\/media\/12002"}],"wp:attachment":[{"href":"https:\/\/linoexpress.com\/lt\/wp-json\/wp\/v2\/media?parent=12001"}],"wp:term":[{"taxonomy":"product_brand","embeddable":true,"href":"https:\/\/linoexpress.com\/lt\/wp-json\/wp\/v2\/product_brand?post=12001"},{"taxonomy":"product_cat","embeddable":true,"href":"https:\/\/linoexpress.com\/lt\/wp-json\/wp\/v2\/product_cat?post=12001"},{"taxonomy":"product_tag","embeddable":true,"href":"https:\/\/linoexpress.com\/lt\/wp-json\/wp\/v2\/product_tag?post=12001"}],"curies":[{"name":"wp","href":"https:\/\/api.w.org\/{rel}","templated":true}]}}