{"id":12026,"date":"2025-11-06T22:48:47","date_gmt":"2025-11-06T21:48:47","guid":{"rendered":"https:\/\/linoexpress.com\/lt\/proizvod\/dino-product\/"},"modified":"2026-03-11T01:09:22","modified_gmt":"2026-03-11T00:09:22","slug":"pripuciamas-dinozauras-vaikams","status":"publish","type":"product","link":"https:\/\/linoexpress.com\/lt\/proizvod\/pripuciamas-dinozauras-vaikams\/","title":{"rendered":"Pripu\u010diamas dinozauras vaikams"},"content":{"rendered":"","protected":false},"excerpt":{"rendered":"<p>Paverskite \u017eaidim\u0105 tikru j\u016bros nuotykiu.<br \/>\nRealisti\u0161kas dinozauro dizainas su raudonai-juodomis detal\u0117mis.<br \/>\nLED akys suteikia \u012fsp\u016bding\u0105 efekt\u0105 nakt\u012f.<\/p>\n","protected":false},"featured_media":12019,"comment_status":"closed","ping_status":"closed","template":"","meta":{"inline_featured_image":false},"product_brand":[],"product_cat":[28,27,15],"product_tag":[],"class_list":{"0":"post-12026","1":"product","2":"type-product","3":"status-publish","4":"has-post-thumbnail","6":"product_cat-beauty","7":"product_cat-home","8":"product_cat-uncategorized","10":"first","11":"instock","12":"sale","13":"taxable","14":"shipping-taxable","15":"purchasable","16":"product-type-simple"},"acf":[],"_links":{"self":[{"href":"https:\/\/linoexpress.com\/lt\/wp-json\/wp\/v2\/product\/12026","targetHints":{"allow":["GET"]}}],"collection":[{"href":"https:\/\/linoexpress.com\/lt\/wp-json\/wp\/v2\/product"}],"about":[{"href":"https:\/\/linoexpress.com\/lt\/wp-json\/wp\/v2\/types\/product"}],"replies":[{"embeddable":true,"href":"https:\/\/linoexpress.com\/lt\/wp-json\/wp\/v2\/comments?post=12026"}],"wp:featuredmedia":[{"embeddable":true,"href":"https:\/\/linoexpress.com\/lt\/wp-json\/wp\/v2\/media\/12019"}],"wp:attachment":[{"href":"https:\/\/linoexpress.com\/lt\/wp-json\/wp\/v2\/media?parent=12026"}],"wp:term":[{"taxonomy":"product_brand","embeddable":true,"href":"https:\/\/linoexpress.com\/lt\/wp-json\/wp\/v2\/product_brand?post=12026"},{"taxonomy":"product_cat","embeddable":true,"href":"https:\/\/linoexpress.com\/lt\/wp-json\/wp\/v2\/product_cat?post=12026"},{"taxonomy":"product_tag","embeddable":true,"href":"https:\/\/linoexpress.com\/lt\/wp-json\/wp\/v2\/product_tag?post=12026"}],"curies":[{"name":"wp","href":"https:\/\/api.w.org\/{rel}","templated":true}]}}