{"id":12036,"date":"2025-11-11T07:34:12","date_gmt":"2025-11-11T06:34:12","guid":{"rendered":"https:\/\/linoexpress.com\/lt\/proizvod\/watest-product\/"},"modified":"2025-11-11T11:56:48","modified_gmt":"2025-11-11T10:56:48","slug":"vandens-testeris","status":"publish","type":"product","link":"https:\/\/linoexpress.com\/lt\/proizvod\/vandens-testeris\/","title":{"rendered":"Vandens testeris"},"content":{"rendered":"","protected":false},"excerpt":{"rendered":"<p>Skaitmeninis testeris greitam ir tiksliam vandens kokyb\u0117s nustatymui.<br \/>\nRodo TDS, laidum\u0105 ir temperat\u016br\u0105 realiu laiku.<br \/>\nTinka nam\u0173 \u016bkiams, hidroponin\u0117ms kult\u016broms ir baseinams.<\/p>\n","protected":false},"featured_media":12037,"comment_status":"closed","ping_status":"closed","template":"","meta":{"inline_featured_image":false},"product_brand":[],"product_cat":[25,28,35,15],"product_tag":[],"class_list":{"0":"post-12036","1":"product","2":"type-product","3":"status-publish","4":"has-post-thumbnail","6":"product_cat-car","7":"product_cat-beauty","8":"product_cat-fun","9":"product_cat-uncategorized","11":"first","12":"instock","13":"sale","14":"taxable","15":"shipping-taxable","16":"purchasable","17":"product-type-simple"},"acf":[],"_links":{"self":[{"href":"https:\/\/linoexpress.com\/lt\/wp-json\/wp\/v2\/product\/12036","targetHints":{"allow":["GET"]}}],"collection":[{"href":"https:\/\/linoexpress.com\/lt\/wp-json\/wp\/v2\/product"}],"about":[{"href":"https:\/\/linoexpress.com\/lt\/wp-json\/wp\/v2\/types\/product"}],"replies":[{"embeddable":true,"href":"https:\/\/linoexpress.com\/lt\/wp-json\/wp\/v2\/comments?post=12036"}],"wp:featuredmedia":[{"embeddable":true,"href":"https:\/\/linoexpress.com\/lt\/wp-json\/wp\/v2\/media\/12037"}],"wp:attachment":[{"href":"https:\/\/linoexpress.com\/lt\/wp-json\/wp\/v2\/media?parent=12036"}],"wp:term":[{"taxonomy":"product_brand","embeddable":true,"href":"https:\/\/linoexpress.com\/lt\/wp-json\/wp\/v2\/product_brand?post=12036"},{"taxonomy":"product_cat","embeddable":true,"href":"https:\/\/linoexpress.com\/lt\/wp-json\/wp\/v2\/product_cat?post=12036"},{"taxonomy":"product_tag","embeddable":true,"href":"https:\/\/linoexpress.com\/lt\/wp-json\/wp\/v2\/product_tag?post=12036"}],"curies":[{"name":"wp","href":"https:\/\/api.w.org\/{rel}","templated":true}]}}