{"id":12066,"date":"2025-11-12T13:10:09","date_gmt":"2025-11-12T12:10:09","guid":{"rendered":"https:\/\/linoexpress.com\/lt\/proizvod\/ulrep-product\/"},"modified":"2025-11-12T16:29:01","modified_gmt":"2025-11-12T15:29:01","slug":"ultragarsine-apsauga-nuo-grauziku","status":"publish","type":"product","link":"https:\/\/linoexpress.com\/lt\/proizvod\/ultragarsine-apsauga-nuo-grauziku\/","title":{"rendered":"Ultragarsin\u0117 apsauga nuo grau\u017eik\u0173"},"content":{"rendered":"","protected":false},"excerpt":{"rendered":"<p>Elektroninis prietaisas, kuris atbaido peles ir kitus grau\u017eikus auk\u0161to da\u017enio garso bangomis.<br \/>\n\u017dmoni\u0173 ausiai nepastebimas, o grau\u017eikams sukelia diskomfort\u0105 ir atgrasum\u0105.<br \/>\nPaprasta naudoti ir saugu \u017emon\u0117ms bei naminiams gyv\u016bnams.<\/p>\n","protected":false},"featured_media":12067,"comment_status":"closed","ping_status":"closed","template":"","meta":{"inline_featured_image":false},"product_brand":[],"product_cat":[28,27,15],"product_tag":[],"class_list":{"0":"post-12066","1":"product","2":"type-product","3":"status-publish","4":"has-post-thumbnail","6":"product_cat-beauty","7":"product_cat-home","8":"product_cat-uncategorized","10":"first","11":"instock","12":"sale","13":"taxable","14":"shipping-taxable","15":"purchasable","16":"product-type-simple"},"acf":[],"_links":{"self":[{"href":"https:\/\/linoexpress.com\/lt\/wp-json\/wp\/v2\/product\/12066","targetHints":{"allow":["GET"]}}],"collection":[{"href":"https:\/\/linoexpress.com\/lt\/wp-json\/wp\/v2\/product"}],"about":[{"href":"https:\/\/linoexpress.com\/lt\/wp-json\/wp\/v2\/types\/product"}],"replies":[{"embeddable":true,"href":"https:\/\/linoexpress.com\/lt\/wp-json\/wp\/v2\/comments?post=12066"}],"wp:featuredmedia":[{"embeddable":true,"href":"https:\/\/linoexpress.com\/lt\/wp-json\/wp\/v2\/media\/12067"}],"wp:attachment":[{"href":"https:\/\/linoexpress.com\/lt\/wp-json\/wp\/v2\/media?parent=12066"}],"wp:term":[{"taxonomy":"product_brand","embeddable":true,"href":"https:\/\/linoexpress.com\/lt\/wp-json\/wp\/v2\/product_brand?post=12066"},{"taxonomy":"product_cat","embeddable":true,"href":"https:\/\/linoexpress.com\/lt\/wp-json\/wp\/v2\/product_cat?post=12066"},{"taxonomy":"product_tag","embeddable":true,"href":"https:\/\/linoexpress.com\/lt\/wp-json\/wp\/v2\/product_tag?post=12066"}],"curies":[{"name":"wp","href":"https:\/\/api.w.org\/{rel}","templated":true}]}}