{"id":12084,"date":"2025-11-13T17:04:19","date_gmt":"2025-11-13T16:04:19","guid":{"rendered":"https:\/\/linoexpress.com\/lt\/proizvod\/zp20-product\/"},"modified":"2025-11-13T20:33:26","modified_gmt":"2025-11-13T19:33:26","slug":"turbo-dviguba-sienine-ikroviklis-20w","status":"publish","type":"product","link":"https:\/\/linoexpress.com\/lt\/proizvod\/turbo-dviguba-sienine-ikroviklis-20w\/","title":{"rendered":"Turbo dviguba sienin\u0117 \u012fkroviklis 20W"},"content":{"rendered":"","protected":false},"excerpt":{"rendered":"<p>Greitai \u012fkraukite visus savo \u012frenginius su Turbo dvigubu sieniniu \u012fkrovikliu 20W. Kompakti\u0161kas, patikimas ir protingas \u2013 \u0161is \u012fkroviklis naudoja pa\u017eangi\u0105 technologij\u0105 greitam ir saugiam telefon\u0173, plan\u0161etini\u0173 kompiuteri\u0173, konsoli\u0173 ir kit\u0173 \u012frengini\u0173 \u012fkrovimui. Integruotas i\u0161traukiamas kabelis ir daugiasluoksn\u0117 apsauga daro j\u012f prakti\u0161ku bet kokiai progai: namuose, darbe ar kelion\u0117je.<\/p>\n","protected":false},"featured_media":12086,"comment_status":"closed","ping_status":"closed","template":"","meta":{"inline_featured_image":false},"product_brand":[],"product_cat":[28,27,15],"product_tag":[],"class_list":{"0":"post-12084","1":"product","2":"type-product","3":"status-publish","4":"has-post-thumbnail","6":"product_cat-beauty","7":"product_cat-home","8":"product_cat-uncategorized","10":"first","11":"instock","12":"sale","13":"taxable","14":"shipping-taxable","15":"purchasable","16":"product-type-simple"},"acf":[],"_links":{"self":[{"href":"https:\/\/linoexpress.com\/lt\/wp-json\/wp\/v2\/product\/12084","targetHints":{"allow":["GET"]}}],"collection":[{"href":"https:\/\/linoexpress.com\/lt\/wp-json\/wp\/v2\/product"}],"about":[{"href":"https:\/\/linoexpress.com\/lt\/wp-json\/wp\/v2\/types\/product"}],"replies":[{"embeddable":true,"href":"https:\/\/linoexpress.com\/lt\/wp-json\/wp\/v2\/comments?post=12084"}],"wp:featuredmedia":[{"embeddable":true,"href":"https:\/\/linoexpress.com\/lt\/wp-json\/wp\/v2\/media\/12086"}],"wp:attachment":[{"href":"https:\/\/linoexpress.com\/lt\/wp-json\/wp\/v2\/media?parent=12084"}],"wp:term":[{"taxonomy":"product_brand","embeddable":true,"href":"https:\/\/linoexpress.com\/lt\/wp-json\/wp\/v2\/product_brand?post=12084"},{"taxonomy":"product_cat","embeddable":true,"href":"https:\/\/linoexpress.com\/lt\/wp-json\/wp\/v2\/product_cat?post=12084"},{"taxonomy":"product_tag","embeddable":true,"href":"https:\/\/linoexpress.com\/lt\/wp-json\/wp\/v2\/product_tag?post=12084"}],"curies":[{"name":"wp","href":"https:\/\/api.w.org\/{rel}","templated":true}]}}