{"id":12154,"date":"2025-12-10T07:13:07","date_gmt":"2025-12-10T06:13:07","guid":{"rendered":"https:\/\/linoexpress.com\/lt\/proizvod\/sn-mask-product\/"},"modified":"2025-12-11T14:53:09","modified_gmt":"2025-12-11T13:53:09","slug":"sniego-nindzes-kauke","status":"publish","type":"product","link":"https:\/\/linoexpress.com\/lt\/proizvod\/sniego-nindzes-kauke\/","title":{"rendered":"Sniego nindz\u0117s kauk\u0117"},"content":{"rendered":"","protected":false},"excerpt":{"rendered":"<p>Sniego nindz\u0117s kauk\u0117 yra tavo nepakei\u010diamas s\u0105jungininkas ant \u0161lait\u0173! Ji sujungia apsaug\u0105, komfort\u0105 ir stili\u0173 viename. \u0160i daugiafunkcin\u0117 kauk\u0117 turi nuimam\u0105 veido kauk\u0119 ir akinius nuo rasojimo, kurie u\u017etikrina ai\u0161k\u0173 matomum\u0105 ir visi\u0161k\u0105 apsaug\u0105 nuo v\u0117jo, sniego ir UV spinduli\u0173. Puikiai tinka slidin\u0117jimui, snieglen\u010di\u0173 sportui ar bet kokiam \u017eiemos nuotykiui!<\/p>\n","protected":false},"featured_media":12155,"comment_status":"closed","ping_status":"closed","template":"","meta":{"inline_featured_image":false},"product_brand":[],"product_cat":[28,27,15],"product_tag":[],"class_list":{"0":"post-12154","1":"product","2":"type-product","3":"status-publish","4":"has-post-thumbnail","6":"product_cat-beauty","7":"product_cat-home","8":"product_cat-uncategorized","10":"first","11":"instock","12":"sale","13":"taxable","14":"shipping-taxable","15":"purchasable","16":"product-type-simple"},"acf":[],"_links":{"self":[{"href":"https:\/\/linoexpress.com\/lt\/wp-json\/wp\/v2\/product\/12154","targetHints":{"allow":["GET"]}}],"collection":[{"href":"https:\/\/linoexpress.com\/lt\/wp-json\/wp\/v2\/product"}],"about":[{"href":"https:\/\/linoexpress.com\/lt\/wp-json\/wp\/v2\/types\/product"}],"replies":[{"embeddable":true,"href":"https:\/\/linoexpress.com\/lt\/wp-json\/wp\/v2\/comments?post=12154"}],"wp:featuredmedia":[{"embeddable":true,"href":"https:\/\/linoexpress.com\/lt\/wp-json\/wp\/v2\/media\/12155"}],"wp:attachment":[{"href":"https:\/\/linoexpress.com\/lt\/wp-json\/wp\/v2\/media?parent=12154"}],"wp:term":[{"taxonomy":"product_brand","embeddable":true,"href":"https:\/\/linoexpress.com\/lt\/wp-json\/wp\/v2\/product_brand?post=12154"},{"taxonomy":"product_cat","embeddable":true,"href":"https:\/\/linoexpress.com\/lt\/wp-json\/wp\/v2\/product_cat?post=12154"},{"taxonomy":"product_tag","embeddable":true,"href":"https:\/\/linoexpress.com\/lt\/wp-json\/wp\/v2\/product_tag?post=12154"}],"curies":[{"name":"wp","href":"https:\/\/api.w.org\/{rel}","templated":true}]}}