{"id":12177,"date":"2025-12-15T12:21:29","date_gmt":"2025-12-15T11:21:29","guid":{"rendered":"https:\/\/linoexpress.com\/lt\/proizvod\/jazdog-product\/"},"modified":"2026-03-11T01:09:12","modified_gmt":"2026-03-11T00:09:12","slug":"ismanusis-pliusinis-suo-taksas","status":"publish","type":"product","link":"https:\/\/linoexpress.com\/lt\/proizvod\/ismanusis-pliusinis-suo-taksas\/","title":{"rendered":"I\u0161manusis pliu\u0161inis \u0161uo taksas"},"content":{"rendered":"","protected":false},"excerpt":{"rendered":"<p>Susipa\u017einkite su pliu\u0161iniu augintiniu, kuris reaguoja kaip tikras taksas.<\/p>\n<p>D\u0117l i\u0161maniosios judesi\u0173 technologijos jis atpa\u017e\u012fsta prisilietim\u0105 ir atsako vaik\u0161\u010diodamas, vizgindamas uodeg\u0105 ir \u0161velniai judindamas galv\u0105.<\/p>\n<p>Jis puikiai tinka kaip emocinis palydovas, dovana ar paguoda kiekvienuose namuose.<\/p>\n","protected":false},"featured_media":12178,"comment_status":"closed","ping_status":"closed","template":"","meta":{"inline_featured_image":false},"product_brand":[],"product_cat":[28,35,15],"product_tag":[],"class_list":{"0":"post-12177","1":"product","2":"type-product","3":"status-publish","4":"has-post-thumbnail","6":"product_cat-beauty","7":"product_cat-fun","8":"product_cat-uncategorized","10":"first","11":"instock","12":"sale","13":"taxable","14":"shipping-taxable","15":"purchasable","16":"product-type-simple"},"acf":[],"_links":{"self":[{"href":"https:\/\/linoexpress.com\/lt\/wp-json\/wp\/v2\/product\/12177","targetHints":{"allow":["GET"]}}],"collection":[{"href":"https:\/\/linoexpress.com\/lt\/wp-json\/wp\/v2\/product"}],"about":[{"href":"https:\/\/linoexpress.com\/lt\/wp-json\/wp\/v2\/types\/product"}],"replies":[{"embeddable":true,"href":"https:\/\/linoexpress.com\/lt\/wp-json\/wp\/v2\/comments?post=12177"}],"wp:featuredmedia":[{"embeddable":true,"href":"https:\/\/linoexpress.com\/lt\/wp-json\/wp\/v2\/media\/12178"}],"wp:attachment":[{"href":"https:\/\/linoexpress.com\/lt\/wp-json\/wp\/v2\/media?parent=12177"}],"wp:term":[{"taxonomy":"product_brand","embeddable":true,"href":"https:\/\/linoexpress.com\/lt\/wp-json\/wp\/v2\/product_brand?post=12177"},{"taxonomy":"product_cat","embeddable":true,"href":"https:\/\/linoexpress.com\/lt\/wp-json\/wp\/v2\/product_cat?post=12177"},{"taxonomy":"product_tag","embeddable":true,"href":"https:\/\/linoexpress.com\/lt\/wp-json\/wp\/v2\/product_tag?post=12177"}],"curies":[{"name":"wp","href":"https:\/\/api.w.org\/{rel}","templated":true}]}}