{"id":12197,"date":"2026-01-04T03:44:16","date_gmt":"2026-01-04T02:44:16","guid":{"rendered":"https:\/\/linoexpress.com\/lt\/proizvod\/autovariacija-product\/"},"modified":"2026-01-04T10:25:40","modified_gmt":"2026-01-04T09:25:40","slug":"vaikiskas-kartingas-2-viename-automobilis","status":"publish","type":"product","link":"https:\/\/linoexpress.com\/lt\/proizvod\/vaikiskas-kartingas-2-viename-automobilis\/","title":{"rendered":"Vaiki\u0161kas kartingas &#8211; 2 viename automobilis"},"content":{"rendered":"","protected":false},"excerpt":{"rendered":"<p>\u0160i daugiafunkcin\u0117 vaik\u0173 transporto priemon\u0117 suteikia dvigub\u0105 pramog\u0105 &#8211; rankin\u012f ir elektrin\u012f va\u017eiavim\u0105! Puikiai tinka \u017eaidimams tiek namuose, tiek lauke, ji yra lengva, sulankstoma ir lengvai valdoma. Stabili konstrukcija ir saugos funkcijos suteikia vaikams ner\u016bpesting\u0105 ir jaudinant\u012f va\u017eiavim\u0105.<\/p>\n","protected":false},"featured_media":12198,"comment_status":"closed","ping_status":"closed","template":"","meta":{"inline_featured_image":false},"product_brand":[],"product_cat":[15],"product_tag":[],"class_list":{"0":"post-12197","1":"product","2":"type-product","3":"status-publish","4":"has-post-thumbnail","6":"product_cat-uncategorized","8":"first","9":"instock","10":"sale","11":"taxable","12":"shipping-taxable","13":"purchasable","14":"product-type-variable"},"acf":[],"_links":{"self":[{"href":"https:\/\/linoexpress.com\/lt\/wp-json\/wp\/v2\/product\/12197","targetHints":{"allow":["GET"]}}],"collection":[{"href":"https:\/\/linoexpress.com\/lt\/wp-json\/wp\/v2\/product"}],"about":[{"href":"https:\/\/linoexpress.com\/lt\/wp-json\/wp\/v2\/types\/product"}],"replies":[{"embeddable":true,"href":"https:\/\/linoexpress.com\/lt\/wp-json\/wp\/v2\/comments?post=12197"}],"wp:featuredmedia":[{"embeddable":true,"href":"https:\/\/linoexpress.com\/lt\/wp-json\/wp\/v2\/media\/12198"}],"wp:attachment":[{"href":"https:\/\/linoexpress.com\/lt\/wp-json\/wp\/v2\/media?parent=12197"}],"wp:term":[{"taxonomy":"product_brand","embeddable":true,"href":"https:\/\/linoexpress.com\/lt\/wp-json\/wp\/v2\/product_brand?post=12197"},{"taxonomy":"product_cat","embeddable":true,"href":"https:\/\/linoexpress.com\/lt\/wp-json\/wp\/v2\/product_cat?post=12197"},{"taxonomy":"product_tag","embeddable":true,"href":"https:\/\/linoexpress.com\/lt\/wp-json\/wp\/v2\/product_tag?post=12197"}],"curies":[{"name":"wp","href":"https:\/\/api.w.org\/{rel}","templated":true}]}}