{"id":12209,"date":"2026-01-04T21:06:21","date_gmt":"2026-01-04T20:06:21","guid":{"rendered":"https:\/\/linoexpress.com\/lt\/proizvod\/catch-product\/"},"modified":"2026-03-11T01:08:28","modified_gmt":"2026-03-11T00:08:28","slug":"humani-daugkartinis-spastai-grauzikams","status":"publish","type":"product","link":"https:\/\/linoexpress.com\/lt\/proizvod\/humani-daugkartinis-spastai-grauzikams\/","title":{"rendered":"Humani daugkartinis sp\u0105stai grau\u017eikams"},"content":{"rendered":"","protected":false},"excerpt":{"rendered":"<p>Humani\u0161ka daugkartin\u0117 gaudykl\u0117 grau\u017eikams leid\u017eia saugiai sugauti peles ir kitus ma\u017eesnius grau\u017eikus j\u0173 nesu\u017eeid\u017eiant ir ne\u017eudant. Pagaminta i\u0161 kokybi\u0161ko cinkuoto plieno, tinkama naudoti tiek viduje, tiek lauke. Tai idealus sprendimas visiems, kurie nori efektyvios, eti\u0161kos ir ilgalaik\u0117s grau\u017eik\u0173 kontrol\u0117s.<\/p>\n","protected":false},"featured_media":12210,"comment_status":"closed","ping_status":"closed","template":"","meta":{"inline_featured_image":false},"product_brand":[],"product_cat":[28,35,15],"product_tag":[],"class_list":{"0":"post-12209","1":"product","2":"type-product","3":"status-publish","4":"has-post-thumbnail","6":"product_cat-beauty","7":"product_cat-fun","8":"product_cat-uncategorized","10":"first","11":"instock","12":"sale","13":"taxable","14":"shipping-taxable","15":"purchasable","16":"product-type-simple"},"acf":[],"_links":{"self":[{"href":"https:\/\/linoexpress.com\/lt\/wp-json\/wp\/v2\/product\/12209","targetHints":{"allow":["GET"]}}],"collection":[{"href":"https:\/\/linoexpress.com\/lt\/wp-json\/wp\/v2\/product"}],"about":[{"href":"https:\/\/linoexpress.com\/lt\/wp-json\/wp\/v2\/types\/product"}],"replies":[{"embeddable":true,"href":"https:\/\/linoexpress.com\/lt\/wp-json\/wp\/v2\/comments?post=12209"}],"wp:featuredmedia":[{"embeddable":true,"href":"https:\/\/linoexpress.com\/lt\/wp-json\/wp\/v2\/media\/12210"}],"wp:attachment":[{"href":"https:\/\/linoexpress.com\/lt\/wp-json\/wp\/v2\/media?parent=12209"}],"wp:term":[{"taxonomy":"product_brand","embeddable":true,"href":"https:\/\/linoexpress.com\/lt\/wp-json\/wp\/v2\/product_brand?post=12209"},{"taxonomy":"product_cat","embeddable":true,"href":"https:\/\/linoexpress.com\/lt\/wp-json\/wp\/v2\/product_cat?post=12209"},{"taxonomy":"product_tag","embeddable":true,"href":"https:\/\/linoexpress.com\/lt\/wp-json\/wp\/v2\/product_tag?post=12209"}],"curies":[{"name":"wp","href":"https:\/\/api.w.org\/{rel}","templated":true}]}}