{"id":12238,"date":"2026-01-05T01:55:45","date_gmt":"2026-01-05T00:55:45","guid":{"rendered":"https:\/\/linoexpress.com\/lt\/proizvod\/bfly-product\/"},"modified":"2026-03-11T01:08:18","modified_gmt":"2026-03-11T00:08:18","slug":"magisku-drugeliu-verinio-ir-apyrankes-komplektas","status":"publish","type":"product","link":"https:\/\/linoexpress.com\/lt\/proizvod\/magisku-drugeliu-verinio-ir-apyrankes-komplektas\/","title":{"rendered":"Magi\u0161k\u0173 drugeli\u0173 v\u0117rinio ir apyrank\u0117s komplektas"},"content":{"rendered":"","protected":false},"excerpt":{"rendered":"<p>\u0160is \u017eavingas rinkinys susideda i\u0161 v\u0117rinio ir apyrank\u0117s su m\u0117lynais drugeliais, kurie \u0161velniai \u0161vie\u010dia tamsoje. Puikiai tinka ypatingoms progoms ar kasdieniam d\u0117v\u0117jimui, pridedant magijos ir elegancijos j\u016bs\u0173 i\u0161vaizdai. Lengvas ir patogus, jis ne\u0161a tyl\u0173 \u017eaves\u012f, kuris niekada nelieka nepasteb\u0117tas.<\/p>\n","protected":false},"featured_media":12239,"comment_status":"closed","ping_status":"closed","template":"","meta":{"inline_featured_image":false},"product_brand":[],"product_cat":[25,28,35,27,15],"product_tag":[],"class_list":{"0":"post-12238","1":"product","2":"type-product","3":"status-publish","4":"has-post-thumbnail","6":"product_cat-car","7":"product_cat-beauty","8":"product_cat-fun","9":"product_cat-home","10":"product_cat-uncategorized","12":"first","13":"instock","14":"sale","15":"taxable","16":"shipping-taxable","17":"purchasable","18":"product-type-simple"},"acf":[],"_links":{"self":[{"href":"https:\/\/linoexpress.com\/lt\/wp-json\/wp\/v2\/product\/12238","targetHints":{"allow":["GET"]}}],"collection":[{"href":"https:\/\/linoexpress.com\/lt\/wp-json\/wp\/v2\/product"}],"about":[{"href":"https:\/\/linoexpress.com\/lt\/wp-json\/wp\/v2\/types\/product"}],"replies":[{"embeddable":true,"href":"https:\/\/linoexpress.com\/lt\/wp-json\/wp\/v2\/comments?post=12238"}],"wp:featuredmedia":[{"embeddable":true,"href":"https:\/\/linoexpress.com\/lt\/wp-json\/wp\/v2\/media\/12239"}],"wp:attachment":[{"href":"https:\/\/linoexpress.com\/lt\/wp-json\/wp\/v2\/media?parent=12238"}],"wp:term":[{"taxonomy":"product_brand","embeddable":true,"href":"https:\/\/linoexpress.com\/lt\/wp-json\/wp\/v2\/product_brand?post=12238"},{"taxonomy":"product_cat","embeddable":true,"href":"https:\/\/linoexpress.com\/lt\/wp-json\/wp\/v2\/product_cat?post=12238"},{"taxonomy":"product_tag","embeddable":true,"href":"https:\/\/linoexpress.com\/lt\/wp-json\/wp\/v2\/product_tag?post=12238"}],"curies":[{"name":"wp","href":"https:\/\/api.w.org\/{rel}","templated":true}]}}